{"id":871,"date":"2023-01-19T17:36:29","date_gmt":"2023-01-19T16:36:29","guid":{"rendered":"https:\/\/arquitectura.udd.cl\/cic\/?page_id=871"},"modified":"2023-03-15T19:00:45","modified_gmt":"2023-03-15T18:00:45","slug":"hub-metropolitano","status":"publish","type":"page","link":"https:\/\/arquitectura.udd.cl\/cic\/hub-metropolitano\/","title":{"rendered":"HUB Metropolitano"},"content":{"rendered":"\n<p class=\"has-medium-font-size\">Modelo de laboratorio abierto para la innovaci\u00f3n interdisciplinaria y el emprendimiento para potenciar el capital territorial de la regi\u00f3n.<\/p>\n\n\n<section\n\tclass=\"wp-block-udd-text-row block--content-align-right\"\n\t\t>\n\t<div class=\"text-row\">\n\t\t<div class=\"text-row__content\">\n\t\t\t<div class=\"text-row__content-inner text\">\n\t\t\t\t\t\t\t\t\n<p><strong>Objetivo<\/strong><\/p>\n\n<p>Generar un modelo para el dise\u00f1o de un laboratorio abierto de emprendimiento e innovaci\u00f3n (Hub Metropolitano), considerando infraestructura, dise\u00f1o de servicios, actores relevantes y mecanismos de sustentabilidad para una futura implementaci\u00f3n.<\/p>\n\t\t\t<\/div>\n\t\t<\/div>\n\t\t<div class=\"text-row__media\">\n\t\t\t<img loading=\"lazy\" decoding=\"async\" width=\"952\" height=\"534\" src=\"https:\/\/arquitectura.udd.cl\/cic\/files\/2023\/03\/kvalifik-5q07ss54d0q-unsplash-680x382.jpg\" class=\"text-row__media-image lazyload\" alt=\"\" sizes=\"auto, (max-width: 952px) 100vw, 952px\" data-src=\"https:\/\/arquitectura.udd.cl\/cic\/files\/2023\/03\/kvalifik-5q07ss54d0q-unsplash-952x534.jpg\" data-srcset=\"https:\/\/arquitectura.udd.cl\/cic\/files\/2023\/03\/kvalifik-5q07ss54d0q-unsplash-952x534.jpg 952w, https:\/\/arquitectura.udd.cl\/cic\/files\/2023\/03\/kvalifik-5q07ss54d0q-unsplash-1366x768.jpg 1366w, https:\/\/arquitectura.udd.cl\/cic\/files\/2023\/03\/kvalifik-5q07ss54d0q-unsplash-680x382.jpg 680w\" \/>\t\t<\/div>\n\t<\/div>\n<\/section>\n\n\n<section\n\tclass=\"wp-block-udd-text-row\"\n\t\t>\n\t<div class=\"text-row\">\n\t\t<div class=\"text-row__content\">\n\t\t\t<div class=\"text-row__content-inner text\">\n\t\t\t\t\t\t\t\t\n<p><p><strong>HUB Metropolitano <\/strong>es un proyecto de innovaci\u00f3n de la Universidad del Desarrollo que busca dise\u00f1ar un modelo de implementaci\u00f3n de laboratorios abiertos de emprendimiento e innovaci\u00f3n (HM) que fomenten econom\u00edas locales y colaborativas en zonas altamente densificadas y productivas pero con bajo acceso a servicios de apoyo para este perfil de empresario. Incluyendo la metodolog\u00eda de evaluaci\u00f3n territorial de implementaci\u00f3n, programa arquitect\u00f3nico, dise\u00f1o de servicios y mecanismos de sustentabilidad. Todo lo anterior, con el fin de crear y mejorar ecosistemas de emprendimiento e innovaci\u00f3n en la Regi\u00f3n Metropolitana, que propicien m\u00e1s y mejores emprendimientos innovadores.<\/p> <\/p>\n\t\t\t<\/div>\n\t\t<\/div>\n\t\t<div class=\"text-row__media\">\n\t\t\t<img loading=\"lazy\" decoding=\"async\" width=\"952\" height=\"534\" src=\"https:\/\/arquitectura.udd.cl\/cic\/files\/2023\/01\/opt00026-680x382.jpg\" class=\"text-row__media-image lazyload\" alt=\"\" sizes=\"auto, (max-width: 952px) 100vw, 952px\" data-src=\"https:\/\/arquitectura.udd.cl\/cic\/files\/2023\/01\/opt00026-952x534.jpg\" data-srcset=\"https:\/\/arquitectura.udd.cl\/cic\/files\/2023\/01\/opt00026-952x534.jpg 952w, https:\/\/arquitectura.udd.cl\/cic\/files\/2023\/01\/opt00026-1366x768.jpg 1366w, https:\/\/arquitectura.udd.cl\/cic\/files\/2023\/01\/opt00026-680x382.jpg 680w\" \/>\t\t<\/div>\n\t<\/div>\n<\/section>\n\n\n<section\n\tclass=\"wp-block-udd-text-row block--content-align-right\"\n\t\t>\n\t<div class=\"text-row\">\n\t\t<div class=\"text-row__content\">\n\t\t\t<div class=\"text-row__content-inner text\">\n\t\t\t\t\t\t\t\t\n<p><strong>Lineamientos estrat\u00e9gicos:<\/strong><\/p>\n\n<p>Regi\u00f3n con oportunidad \/ innovador \/ Crear alianzas p\u00fablico privados para la innovaci\u00f3n en la estandarizaci\u00f3n de servicios p\u00fablicos y privados.<br><\/p>\n\n<p><strong>Merito Innovador:<\/strong><\/p>\n\n<p>El proyecto presentado y su propuesta de valor se basa en la convergencia de la innovaci\u00f3n empresarial e innovaci\u00f3n social para el desarrollo sustentable del territorio, generando econom\u00edas colaborativas que crean valor en el desarrollo de una cultura de innovaci\u00f3n con impacto territorial. El modelo a desarrollar podr\u00e1 ser implementado y replicado en distintos escenarios urbanos seg\u00fan par\u00e1metros econ\u00f3micos, sociales, culturales y tecnol\u00f3gicos.<\/p>\n\t\t\t<\/div>\n\t\t<\/div>\n\t\t<div class=\"text-row__media\">\n\t\t\t<img loading=\"lazy\" decoding=\"async\" width=\"952\" height=\"534\" src=\"https:\/\/arquitectura.udd.cl\/cic\/files\/2023\/03\/jason-goodman-oalh2mojuuk-unsplash-680x382.jpg\" class=\"text-row__media-image lazyload\" alt=\"\" sizes=\"auto, (max-width: 952px) 100vw, 952px\" data-src=\"https:\/\/arquitectura.udd.cl\/cic\/files\/2023\/03\/jason-goodman-oalh2mojuuk-unsplash-952x534.jpg\" data-srcset=\"https:\/\/arquitectura.udd.cl\/cic\/files\/2023\/03\/jason-goodman-oalh2mojuuk-unsplash-952x534.jpg 952w, https:\/\/arquitectura.udd.cl\/cic\/files\/2023\/03\/jason-goodman-oalh2mojuuk-unsplash-1366x768.jpg 1366w, https:\/\/arquitectura.udd.cl\/cic\/files\/2023\/03\/jason-goodman-oalh2mojuuk-unsplash-680x382.jpg 680w\" \/>\t\t<\/div>\n\t<\/div>\n<\/section>\n\n\n\n<h2 class=\"wp-block-heading\"><strong>Proyecto HUB Metropolitano<\/strong><\/h2>\n\n\n\n<p>Los HUB son espacios o plataformas abiertas que provocan, facilitan y promueven la exploraci\u00f3n, desarrollo y visibilizaci\u00f3n de innovaciones relacionadas a una comunidad con eventual potencial de escalamiento o replicabilidad.<br>Est\u00e1n dedicados a activar recursos y formar relaciones vitales entre ciudadanos, investigadores, creadores y emprendedores con el objetivo de desarrollar ideas innovadoras, en \u00e1mbitos como los negocios, la cultura, la ciudad y relaciones sociales, entre otros, generando impactos no solamente en sus usuarios y agentes participantes sino que tambi\u00e9n a su espacio y capital territorial.<\/p>\n\n\n\n<figure class=\"wp-block-image size-large is-style-default\"><img loading=\"lazy\" decoding=\"async\" width=\"1024\" height=\"576\" src=\"https:\/\/arquitectura.udd.cl\/cic\/files\/2023\/03\/hub1-1024x576.png\" alt=\"\" class=\"wp-image-1375\" srcset=\"https:\/\/arquitectura.udd.cl\/cic\/files\/2023\/03\/hub1-1024x576.png 1024w, https:\/\/arquitectura.udd.cl\/cic\/files\/2023\/03\/hub1-300x169.png 300w, https:\/\/arquitectura.udd.cl\/cic\/files\/2023\/03\/hub1-768x432.png 768w, https:\/\/arquitectura.udd.cl\/cic\/files\/2023\/03\/hub1-1536x864.png 1536w, https:\/\/arquitectura.udd.cl\/cic\/files\/2023\/03\/hub1-2048x1152.png 2048w, https:\/\/arquitectura.udd.cl\/cic\/files\/2023\/03\/hub1-1920x1080.png 1920w, https:\/\/arquitectura.udd.cl\/cic\/files\/2023\/03\/hub1-1366x768.png 1366w, https:\/\/arquitectura.udd.cl\/cic\/files\/2023\/03\/hub1-680x382.png 680w\" sizes=\"auto, (max-width: 1024px) 100vw, 1024px\" \/><\/figure>\n\n\n\n<p><em>Proyecto FIC-R 2022 &#8211; Gobierno Regional Metropolitano de Santiago<\/em><\/p>\n","protected":false},"excerpt":{"rendered":"<p>Modelo de laboratorio abierto para la innovaci\u00f3n interdisciplinaria y el emprendimiento para potenciar el capital territorial de la regi\u00f3n. Proyecto HUB Metropolitano Los HUB son espacios o plataformas abiertas que provocan, facilitan y promueven la exploraci\u00f3n, desarrollo y visibilizaci\u00f3n de innovaciones relacionadas a una comunidad con eventual potencial de escalamiento o replicabilidad.Est\u00e1n dedicados a activar [&hellip;]<\/p>\n","protected":false},"author":9192204,"featured_media":0,"parent":0,"menu_order":0,"comment_status":"closed","ping_status":"closed","template":"","meta":{"footnotes":""},"class_list":["post-871","page","type-page","status-publish","hentry"],"yoast_head":"<!-- This site is optimized with the Yoast SEO plugin v26.9 - https:\/\/yoast.com\/product\/yoast-seo-wordpress\/ -->\n<title>HUB Metropolitano - Centro de Innovaci\u00f3n en Ciudades UDD<\/title>\n<meta name=\"robots\" content=\"index, follow, max-snippet:-1, max-image-preview:large, max-video-preview:-1\" \/>\n<link rel=\"canonical\" href=\"https:\/\/arquitectura.udd.cl\/cic\/hub-metropolitano\/\" \/>\n<meta property=\"og:locale\" content=\"es_ES\" \/>\n<meta property=\"og:type\" content=\"article\" \/>\n<meta property=\"og:title\" content=\"HUB Metropolitano - Centro de Innovaci\u00f3n en Ciudades UDD\" \/>\n<meta property=\"og:description\" content=\"Modelo de laboratorio abierto para la innovaci\u00f3n interdisciplinaria y el emprendimiento para potenciar el capital territorial de la regi\u00f3n. Proyecto HUB Metropolitano Los HUB son espacios o plataformas abiertas que provocan, facilitan y promueven la exploraci\u00f3n, desarrollo y visibilizaci\u00f3n de innovaciones relacionadas a una comunidad con eventual potencial de escalamiento o replicabilidad.Est\u00e1n dedicados a activar [&hellip;]\" \/>\n<meta property=\"og:url\" content=\"https:\/\/arquitectura.udd.cl\/cic\/hub-metropolitano\/\" \/>\n<meta property=\"og:site_name\" content=\"Centro de Innovaci\u00f3n en Ciudades UDD\" \/>\n<meta property=\"article:modified_time\" content=\"2023-03-15T18:00:45+00:00\" \/>\n<meta property=\"og:image\" content=\"https:\/\/arquitectura.udd.cl\/cic\/files\/2023\/03\/kvalifik-5q07ss54d0q-unsplash-scaled.jpg\" \/>\n<meta name=\"twitter:card\" content=\"summary_large_image\" \/>\n<meta name=\"twitter:label1\" content=\"Tiempo de lectura\" \/>\n\t<meta name=\"twitter:data1\" content=\"3 minutos\" \/>\n<script type=\"application\/ld+json\" class=\"yoast-schema-graph\">{\"@context\":\"https:\/\/schema.org\",\"@graph\":[{\"@type\":\"WebPage\",\"@id\":\"https:\/\/arquitectura.udd.cl\/cic\/hub-metropolitano\/\",\"url\":\"https:\/\/arquitectura.udd.cl\/cic\/hub-metropolitano\/\",\"name\":\"HUB Metropolitano - Centro de Innovaci\u00f3n en Ciudades UDD\",\"isPartOf\":{\"@id\":\"https:\/\/arquitectura.udd.cl\/cic\/#website\"},\"primaryImageOfPage\":{\"@id\":\"https:\/\/arquitectura.udd.cl\/cic\/hub-metropolitano\/#primaryimage\"},\"image\":{\"@id\":\"https:\/\/arquitectura.udd.cl\/cic\/hub-metropolitano\/#primaryimage\"},\"thumbnailUrl\":\"https:\/\/arquitectura.udd.cl\/cic\/files\/2023\/03\/kvalifik-5q07ss54d0q-unsplash-scaled.jpg\",\"datePublished\":\"2023-01-19T16:36:29+00:00\",\"dateModified\":\"2023-03-15T18:00:45+00:00\",\"breadcrumb\":{\"@id\":\"https:\/\/arquitectura.udd.cl\/cic\/hub-metropolitano\/#breadcrumb\"},\"inLanguage\":\"es\",\"potentialAction\":[{\"@type\":\"ReadAction\",\"target\":[\"https:\/\/arquitectura.udd.cl\/cic\/hub-metropolitano\/\"]}]},{\"@type\":\"ImageObject\",\"inLanguage\":\"es\",\"@id\":\"https:\/\/arquitectura.udd.cl\/cic\/hub-metropolitano\/#primaryimage\",\"url\":\"https:\/\/arquitectura.udd.cl\/cic\/files\/2023\/03\/kvalifik-5q07ss54d0q-unsplash-scaled.jpg\",\"contentUrl\":\"https:\/\/arquitectura.udd.cl\/cic\/files\/2023\/03\/kvalifik-5q07ss54d0q-unsplash-scaled.jpg\",\"width\":2560,\"height\":1920},{\"@type\":\"BreadcrumbList\",\"@id\":\"https:\/\/arquitectura.udd.cl\/cic\/hub-metropolitano\/#breadcrumb\",\"itemListElement\":[{\"@type\":\"ListItem\",\"position\":1,\"name\":\"Portada\",\"item\":\"https:\/\/arquitectura.udd.cl\/cic\/\"},{\"@type\":\"ListItem\",\"position\":2,\"name\":\"HUB Metropolitano\"}]},{\"@type\":\"WebSite\",\"@id\":\"https:\/\/arquitectura.udd.cl\/cic\/#website\",\"url\":\"https:\/\/arquitectura.udd.cl\/cic\/\",\"name\":\"Centro de Innovaci\u00f3n en Ciudades UDD\",\"description\":\"\",\"inLanguage\":\"es\"}]}<\/script>\n<!-- \/ Yoast SEO plugin. -->","yoast_head_json":{"title":"HUB Metropolitano - Centro de Innovaci\u00f3n en Ciudades UDD","robots":{"index":"index","follow":"follow","max-snippet":"max-snippet:-1","max-image-preview":"max-image-preview:large","max-video-preview":"max-video-preview:-1"},"canonical":"https:\/\/arquitectura.udd.cl\/cic\/hub-metropolitano\/","og_locale":"es_ES","og_type":"article","og_title":"HUB Metropolitano - Centro de Innovaci\u00f3n en Ciudades UDD","og_description":"Modelo de laboratorio abierto para la innovaci\u00f3n interdisciplinaria y el emprendimiento para potenciar el capital territorial de la regi\u00f3n. Proyecto HUB Metropolitano Los HUB son espacios o plataformas abiertas que provocan, facilitan y promueven la exploraci\u00f3n, desarrollo y visibilizaci\u00f3n de innovaciones relacionadas a una comunidad con eventual potencial de escalamiento o replicabilidad.Est\u00e1n dedicados a activar [&hellip;]","og_url":"https:\/\/arquitectura.udd.cl\/cic\/hub-metropolitano\/","og_site_name":"Centro de Innovaci\u00f3n en Ciudades UDD","article_modified_time":"2023-03-15T18:00:45+00:00","og_image":[{"url":"https:\/\/arquitectura.udd.cl\/cic\/files\/2023\/03\/kvalifik-5q07ss54d0q-unsplash-scaled.jpg","type":"","width":"","height":""}],"twitter_card":"summary_large_image","twitter_misc":{"Tiempo de lectura":"3 minutos"},"schema":{"@context":"https:\/\/schema.org","@graph":[{"@type":"WebPage","@id":"https:\/\/arquitectura.udd.cl\/cic\/hub-metropolitano\/","url":"https:\/\/arquitectura.udd.cl\/cic\/hub-metropolitano\/","name":"HUB Metropolitano - Centro de Innovaci\u00f3n en Ciudades UDD","isPartOf":{"@id":"https:\/\/arquitectura.udd.cl\/cic\/#website"},"primaryImageOfPage":{"@id":"https:\/\/arquitectura.udd.cl\/cic\/hub-metropolitano\/#primaryimage"},"image":{"@id":"https:\/\/arquitectura.udd.cl\/cic\/hub-metropolitano\/#primaryimage"},"thumbnailUrl":"https:\/\/arquitectura.udd.cl\/cic\/files\/2023\/03\/kvalifik-5q07ss54d0q-unsplash-scaled.jpg","datePublished":"2023-01-19T16:36:29+00:00","dateModified":"2023-03-15T18:00:45+00:00","breadcrumb":{"@id":"https:\/\/arquitectura.udd.cl\/cic\/hub-metropolitano\/#breadcrumb"},"inLanguage":"es","potentialAction":[{"@type":"ReadAction","target":["https:\/\/arquitectura.udd.cl\/cic\/hub-metropolitano\/"]}]},{"@type":"ImageObject","inLanguage":"es","@id":"https:\/\/arquitectura.udd.cl\/cic\/hub-metropolitano\/#primaryimage","url":"https:\/\/arquitectura.udd.cl\/cic\/files\/2023\/03\/kvalifik-5q07ss54d0q-unsplash-scaled.jpg","contentUrl":"https:\/\/arquitectura.udd.cl\/cic\/files\/2023\/03\/kvalifik-5q07ss54d0q-unsplash-scaled.jpg","width":2560,"height":1920},{"@type":"BreadcrumbList","@id":"https:\/\/arquitectura.udd.cl\/cic\/hub-metropolitano\/#breadcrumb","itemListElement":[{"@type":"ListItem","position":1,"name":"Portada","item":"https:\/\/arquitectura.udd.cl\/cic\/"},{"@type":"ListItem","position":2,"name":"HUB Metropolitano"}]},{"@type":"WebSite","@id":"https:\/\/arquitectura.udd.cl\/cic\/#website","url":"https:\/\/arquitectura.udd.cl\/cic\/","name":"Centro de Innovaci\u00f3n en Ciudades UDD","description":"","inLanguage":"es"}]}},"_links":{"self":[{"href":"https:\/\/arquitectura.udd.cl\/cic\/wp-json\/wp\/v2\/pages\/871","targetHints":{"allow":["GET"]}}],"collection":[{"href":"https:\/\/arquitectura.udd.cl\/cic\/wp-json\/wp\/v2\/pages"}],"about":[{"href":"https:\/\/arquitectura.udd.cl\/cic\/wp-json\/wp\/v2\/types\/page"}],"author":[{"embeddable":true,"href":"https:\/\/arquitectura.udd.cl\/cic\/wp-json\/wp\/v2\/users\/9192204"}],"replies":[{"embeddable":true,"href":"https:\/\/arquitectura.udd.cl\/cic\/wp-json\/wp\/v2\/comments?post=871"}],"version-history":[{"count":18,"href":"https:\/\/arquitectura.udd.cl\/cic\/wp-json\/wp\/v2\/pages\/871\/revisions"}],"predecessor-version":[{"id":1399,"href":"https:\/\/arquitectura.udd.cl\/cic\/wp-json\/wp\/v2\/pages\/871\/revisions\/1399"}],"wp:attachment":[{"href":"https:\/\/arquitectura.udd.cl\/cic\/wp-json\/wp\/v2\/media?parent=871"}],"curies":[{"name":"wp","href":"https:\/\/api.w.org\/{rel}","templated":true}]}}