{"id":841,"date":"2023-01-19T15:28:40","date_gmt":"2023-01-19T14:28:40","guid":{"rendered":"https:\/\/arquitectura.udd.cl\/cic\/?page_id=841"},"modified":"2023-03-15T19:02:40","modified_gmt":"2023-03-15T18:02:40","slug":"innovacion-urbana","status":"publish","type":"page","link":"https:\/\/arquitectura.udd.cl\/cic\/innovacion-urbana\/","title":{"rendered":"Innovaci\u00f3n"},"content":{"rendered":"<!-- WP Block: UDD - Banners Multiple -->\n<section class=\"wp-block-udd-banners-multiple \">\n\t<div class=\"container\">\n\t\t\t\t<div class=\"block__content\">\n\t\t\t<div id=\"udd-banners-multiple--1\"\n\t\t\t\t\t\t\t\t>\n\t\t\t\t\t\t\t\t<div class=\"banners\">\n\t\t\t\t\t\t\t\t\t<div class=\"banner-col\n\t\t\t\t\t active\t\t\t\t\t\">\n\t\t\t\t\t\t<a href=\"https:\/\/arquitectura.udd.cl\/cic\/nuevas-economias-metropolitanas\/\" class=\"banner banner--multiple\" data-url=\"https:\/\/arquitectura.udd.cl\/cic\/nuevas-economias-metropolitanas\/\">\n\t\t\t\t\t\t\t\t\t\t\t\t\t<img loading=\"lazy\" decoding=\"async\" width=\"952\" height=\"534\" src=\"https:\/\/arquitectura.udd.cl\/cic\/files\/2022\/12\/img_20220331_193401-1536x1152-1-680x382.jpg\" class=\"banner__image lazyload\" alt=\"\" sizes=\"auto, (max-width: 952px) 100vw, 952px\" data-src=\"https:\/\/arquitectura.udd.cl\/cic\/files\/2022\/12\/img_20220331_193401-1536x1152-1-952x534.jpg\" data-srcset=\"https:\/\/arquitectura.udd.cl\/cic\/files\/2022\/12\/img_20220331_193401-1536x1152-1-952x534.jpg 952w, https:\/\/arquitectura.udd.cl\/cic\/files\/2022\/12\/img_20220331_193401-1536x1152-1-1366x768.jpg 1366w, https:\/\/arquitectura.udd.cl\/cic\/files\/2022\/12\/img_20220331_193401-1536x1152-1-680x382.jpg 680w\" \/>\t\t\t\t\t\t\t\t\t\t\t\t\t<div class=\"banner__content\">\n\t\t\t\t\t\t\t\t<span class=\"banner__title\">NUEVAS ECONOM\u00cdAS METROPOLITANAS<\/span>\n\t\t\t\t\t\t\t\t\t\t\t\t\t\t\t\t\t<span class=\"banner__description\">Transformaci\u00f3n tecnol\u00f3gica para nuevas econom\u00edas metropolitanas: Circulares y colaborativas\u201d Gobierno Regional Metropolitano + Pymes Tic + GIT + Chiletec + Pa\u00eds digital + Pa\u00eds Circular. Estado : Completo. Cierre: 2021 Creaci\u00f3n de un espacio de I+ D para pymes TIC, expertos en econom\u00edas colaborativas, circulares, interacci\u00f3n digital y participaci\u00f3n ciudadana, que oriente a un impulso en la creaci\u00f3n de soluciones y propuestas tecnol\u00f3gicas en el \u00e1mbito de las nuevas econom\u00edas colaborativas y circulares.<\/span>\n\t\t\t\t\t\t\t\t\t\t\t\t\t\t\t\t\t\t\t\t\t\t\t<\/div>\n\t\t\t\t\t\t<\/a>\n\t\t\t\t\t<\/div>\n\t\t\t\t\t\t\t\t\t<div class=\"banner-col\n\t\t\t\t\t\t\t\t\t\t\">\n\t\t\t\t\t\t<a href=\"https:\/\/arquitectura.udd.cl\/cic\/hub-metropolitano\/\" class=\"banner banner--multiple\" data-url=\"https:\/\/arquitectura.udd.cl\/cic\/hub-metropolitano\/\">\n\t\t\t\t\t\t\t\t\t\t\t\t\t<img loading=\"lazy\" decoding=\"async\" width=\"952\" height=\"534\" src=\"https:\/\/arquitectura.udd.cl\/cic\/files\/2023\/01\/cropped-opt00026-scaled-1-680x382.jpg\" class=\"banner__image lazyload\" alt=\"\" sizes=\"auto, (max-width: 952px) 100vw, 952px\" data-src=\"https:\/\/arquitectura.udd.cl\/cic\/files\/2023\/01\/cropped-opt00026-scaled-1-952x534.jpg\" data-srcset=\"https:\/\/arquitectura.udd.cl\/cic\/files\/2023\/01\/cropped-opt00026-scaled-1-952x534.jpg 952w, https:\/\/arquitectura.udd.cl\/cic\/files\/2023\/01\/cropped-opt00026-scaled-1-1366x768.jpg 1366w, https:\/\/arquitectura.udd.cl\/cic\/files\/2023\/01\/cropped-opt00026-scaled-1-680x382.jpg 680w\" \/>\t\t\t\t\t\t\t\t\t\t\t\t\t<div class=\"banner__content\">\n\t\t\t\t\t\t\t\t<span class=\"banner__title\">HUB METROPOLITANO<\/span>\n\t\t\t\t\t\t\t\t\t\t\t\t\t\t\t\t\t<span class=\"banner__description\">Modelo de laboratorio abierto para la innovaci\u00f3n interdisciplinaria y el emprendimiento para potenciar el capital territorial de la regi\u00f3n. Proyecto FIC-R 2022 &#8211; Gobierno Regional Metropolitano de Santiago<\/span>\n\t\t\t\t\t\t\t\t\t\t\t\t\t\t\t\t\t\t\t\t\t\t\t<\/div>\n\t\t\t\t\t\t<\/a>\n\t\t\t\t\t<\/div>\n\t\t\t\t\t\t\t\t<\/div>\n\t\t\t<\/div>\n\t\t<\/div>\n\t<\/div>\n<\/section>\n\n\n<!-- WP Block: UDD - Banners Multiple -->\n<section class=\"wp-block-udd-banners-multiple \">\n\t<div class=\"container\">\n\t\t\t\t<div class=\"block__content\">\n\t\t\t<div id=\"udd-banners-multiple--2\"\n\t\t\t\t\t\t\t\t>\n\t\t\t\t\t\t\t\t<div class=\"banners\">\n\t\t\t\t\t\t\t\t\t<div class=\"banner-col\n\t\t\t\t\t active\t\t\t\t\t\">\n\t\t\t\t\t\t<a href=\"https:\/\/arquitectura.udd.cl\/cic\/desafio-metropolitano\/\" class=\"banner banner--multiple\" data-url=\"https:\/\/arquitectura.udd.cl\/cic\/desafio-metropolitano\/\">\n\t\t\t\t\t\t\t\t\t\t\t\t\t<img loading=\"lazy\" decoding=\"async\" width=\"952\" height=\"534\" src=\"https:\/\/arquitectura.udd.cl\/cic\/files\/2021\/11\/CON7907-680x382.jpg\" class=\"banner__image lazyload\" alt=\"\" sizes=\"auto, (max-width: 952px) 100vw, 952px\" data-src=\"https:\/\/arquitectura.udd.cl\/cic\/files\/2021\/11\/CON7907-952x534.jpg\" data-srcset=\"https:\/\/arquitectura.udd.cl\/cic\/files\/2021\/11\/CON7907-952x534.jpg 952w, https:\/\/arquitectura.udd.cl\/cic\/files\/2021\/11\/CON7907-1366x768.jpg 1366w, https:\/\/arquitectura.udd.cl\/cic\/files\/2021\/11\/CON7907-680x382.jpg 680w\" \/>\t\t\t\t\t\t\t\t\t\t\t\t\t<div class=\"banner__content\">\n\t\t\t\t\t\t\t\t<span class=\"banner__title\">Desaf\u00edo metropolitano<\/span>\n\t\t\t\t\t\t\t\t\t\t\t\t\t\t\t\t\t<span class=\"banner__description\">Iniciativa orientada a generar un espacio de encuentro colaborativo, de innovaci\u00f3n y aprendizaje con la ciudadan\u00eda y las Peque\u00f1as y Medianas empresas (PYMES) en el sector TIC, que posibilit\u00f3 la creaci\u00f3n y desarrollo de soluciones en el \u00e1mbito de Ciudades Inteligentes para responder a las problem\u00e1ticas de Santiago Metropolitano. Iniciativa financiada por el fondo FIC RM<\/span>\n\t\t\t\t\t\t\t\t\t\t\t\t\t\t\t\t\t\t\t\t\t\t\t<\/div>\n\t\t\t\t\t\t<\/a>\n\t\t\t\t\t<\/div>\n\t\t\t\t\t\t\t\t\t<div class=\"banner-col\n\t\t\t\t\t\t\t\t\t\t\">\n\t\t\t\t\t\t<a href=\"https:\/\/arquitectura.udd.cl\/cic\/desafio-bio-bio\/\" class=\"banner banner--multiple\" data-url=\"https:\/\/arquitectura.udd.cl\/cic\/desafio-bio-bio\/\">\n\t\t\t\t\t\t\t\t\t\t\t\t\t<img loading=\"lazy\" decoding=\"async\" width=\"952\" height=\"534\" src=\"https:\/\/arquitectura.udd.cl\/cic\/files\/2023\/01\/foto-region-del-biobio-680x382.jpeg\" class=\"banner__image lazyload\" alt=\"\" sizes=\"auto, (max-width: 952px) 100vw, 952px\" data-src=\"https:\/\/arquitectura.udd.cl\/cic\/files\/2023\/01\/foto-region-del-biobio-952x534.jpeg\" data-srcset=\"https:\/\/arquitectura.udd.cl\/cic\/files\/2023\/01\/foto-region-del-biobio-952x534.jpeg 952w, https:\/\/arquitectura.udd.cl\/cic\/files\/2023\/01\/foto-region-del-biobio-680x382.jpeg 680w\" \/>\t\t\t\t\t\t\t\t\t\t\t\t\t<div class=\"banner__content\">\n\t\t\t\t\t\t\t\t<span class=\"banner__title\">Desaf\u00edo bio bio<\/span>\n\t\t\t\t\t\t\t\t\t\t\t\t\t\t\t\t\t<span class=\"banner__description\">Desaf\u00edo Biob\u00edo: Grandes ideas para una regi\u00f3n inteligente\u201d Gobierno Regional del Biob\u00edo + Pymes Tic + Girls in tech + Chiletec + Pa\u00eds digital. Estado: Completo. Cierre: 2020 Creaci\u00f3n de un espacio de I+ D para pymes TIC, especialistas en interacci\u00f3n digital y participaci\u00f3n ciudadana, que oriente a un impulso en la creaci\u00f3n de soluciones y propuestas tecnol\u00f3gicas en el \u00e1mbito de las\u00a0Smart\u00a0Cities. Iniciativa financiada por el fondo FIC<\/span>\n\t\t\t\t\t\t\t\t\t\t\t\t\t\t\t\t\t\t\t\t\t\t\t<\/div>\n\t\t\t\t\t\t<\/a>\n\t\t\t\t\t<\/div>\n\t\t\t\t\t\t\t\t<\/div>\n\t\t\t<\/div>\n\t\t<\/div>\n\t<\/div>\n<\/section>\n","protected":false},"excerpt":{"rendered":"","protected":false},"author":9192204,"featured_media":0,"parent":0,"menu_order":0,"comment_status":"closed","ping_status":"closed","template":"","meta":{"footnotes":""},"class_list":["post-841","page","type-page","status-publish","hentry"],"yoast_head":"<!-- This site is optimized with the Yoast SEO plugin v26.9 - https:\/\/yoast.com\/product\/yoast-seo-wordpress\/ -->\n<title>Innovaci\u00f3n - Centro de Innovaci\u00f3n en Ciudades UDD<\/title>\n<meta name=\"robots\" content=\"index, follow, max-snippet:-1, max-image-preview:large, max-video-preview:-1\" \/>\n<link rel=\"canonical\" href=\"https:\/\/arquitectura.udd.cl\/cic\/innovacion-urbana\/\" \/>\n<meta property=\"og:locale\" content=\"es_ES\" \/>\n<meta property=\"og:type\" content=\"article\" \/>\n<meta property=\"og:title\" content=\"Innovaci\u00f3n - Centro de Innovaci\u00f3n en Ciudades UDD\" \/>\n<meta property=\"og:url\" content=\"https:\/\/arquitectura.udd.cl\/cic\/innovacion-urbana\/\" \/>\n<meta property=\"og:site_name\" content=\"Centro de Innovaci\u00f3n en Ciudades UDD\" \/>\n<meta property=\"article:modified_time\" content=\"2023-03-15T18:02:40+00:00\" \/>\n<meta name=\"twitter:card\" content=\"summary_large_image\" \/>\n<script type=\"application\/ld+json\" class=\"yoast-schema-graph\">{\"@context\":\"https:\/\/schema.org\",\"@graph\":[{\"@type\":\"WebPage\",\"@id\":\"https:\/\/arquitectura.udd.cl\/cic\/innovacion-urbana\/\",\"url\":\"https:\/\/arquitectura.udd.cl\/cic\/innovacion-urbana\/\",\"name\":\"Innovaci\u00f3n - Centro de Innovaci\u00f3n en Ciudades UDD\",\"isPartOf\":{\"@id\":\"https:\/\/arquitectura.udd.cl\/cic\/#website\"},\"datePublished\":\"2023-01-19T14:28:40+00:00\",\"dateModified\":\"2023-03-15T18:02:40+00:00\",\"breadcrumb\":{\"@id\":\"https:\/\/arquitectura.udd.cl\/cic\/innovacion-urbana\/#breadcrumb\"},\"inLanguage\":\"es\",\"potentialAction\":[{\"@type\":\"ReadAction\",\"target\":[\"https:\/\/arquitectura.udd.cl\/cic\/innovacion-urbana\/\"]}]},{\"@type\":\"BreadcrumbList\",\"@id\":\"https:\/\/arquitectura.udd.cl\/cic\/innovacion-urbana\/#breadcrumb\",\"itemListElement\":[{\"@type\":\"ListItem\",\"position\":1,\"name\":\"Portada\",\"item\":\"https:\/\/arquitectura.udd.cl\/cic\/\"},{\"@type\":\"ListItem\",\"position\":2,\"name\":\"Innovaci\u00f3n\"}]},{\"@type\":\"WebSite\",\"@id\":\"https:\/\/arquitectura.udd.cl\/cic\/#website\",\"url\":\"https:\/\/arquitectura.udd.cl\/cic\/\",\"name\":\"Centro de Innovaci\u00f3n en Ciudades UDD\",\"description\":\"\",\"inLanguage\":\"es\"}]}<\/script>\n<!-- \/ Yoast SEO plugin. -->","yoast_head_json":{"title":"Innovaci\u00f3n - Centro de Innovaci\u00f3n en Ciudades UDD","robots":{"index":"index","follow":"follow","max-snippet":"max-snippet:-1","max-image-preview":"max-image-preview:large","max-video-preview":"max-video-preview:-1"},"canonical":"https:\/\/arquitectura.udd.cl\/cic\/innovacion-urbana\/","og_locale":"es_ES","og_type":"article","og_title":"Innovaci\u00f3n - Centro de Innovaci\u00f3n en Ciudades UDD","og_url":"https:\/\/arquitectura.udd.cl\/cic\/innovacion-urbana\/","og_site_name":"Centro de Innovaci\u00f3n en Ciudades UDD","article_modified_time":"2023-03-15T18:02:40+00:00","twitter_card":"summary_large_image","schema":{"@context":"https:\/\/schema.org","@graph":[{"@type":"WebPage","@id":"https:\/\/arquitectura.udd.cl\/cic\/innovacion-urbana\/","url":"https:\/\/arquitectura.udd.cl\/cic\/innovacion-urbana\/","name":"Innovaci\u00f3n - Centro de Innovaci\u00f3n en Ciudades UDD","isPartOf":{"@id":"https:\/\/arquitectura.udd.cl\/cic\/#website"},"datePublished":"2023-01-19T14:28:40+00:00","dateModified":"2023-03-15T18:02:40+00:00","breadcrumb":{"@id":"https:\/\/arquitectura.udd.cl\/cic\/innovacion-urbana\/#breadcrumb"},"inLanguage":"es","potentialAction":[{"@type":"ReadAction","target":["https:\/\/arquitectura.udd.cl\/cic\/innovacion-urbana\/"]}]},{"@type":"BreadcrumbList","@id":"https:\/\/arquitectura.udd.cl\/cic\/innovacion-urbana\/#breadcrumb","itemListElement":[{"@type":"ListItem","position":1,"name":"Portada","item":"https:\/\/arquitectura.udd.cl\/cic\/"},{"@type":"ListItem","position":2,"name":"Innovaci\u00f3n"}]},{"@type":"WebSite","@id":"https:\/\/arquitectura.udd.cl\/cic\/#website","url":"https:\/\/arquitectura.udd.cl\/cic\/","name":"Centro de Innovaci\u00f3n en Ciudades UDD","description":"","inLanguage":"es"}]}},"_links":{"self":[{"href":"https:\/\/arquitectura.udd.cl\/cic\/wp-json\/wp\/v2\/pages\/841","targetHints":{"allow":["GET"]}}],"collection":[{"href":"https:\/\/arquitectura.udd.cl\/cic\/wp-json\/wp\/v2\/pages"}],"about":[{"href":"https:\/\/arquitectura.udd.cl\/cic\/wp-json\/wp\/v2\/types\/page"}],"author":[{"embeddable":true,"href":"https:\/\/arquitectura.udd.cl\/cic\/wp-json\/wp\/v2\/users\/9192204"}],"replies":[{"embeddable":true,"href":"https:\/\/arquitectura.udd.cl\/cic\/wp-json\/wp\/v2\/comments?post=841"}],"version-history":[{"count":18,"href":"https:\/\/arquitectura.udd.cl\/cic\/wp-json\/wp\/v2\/pages\/841\/revisions"}],"predecessor-version":[{"id":1402,"href":"https:\/\/arquitectura.udd.cl\/cic\/wp-json\/wp\/v2\/pages\/841\/revisions\/1402"}],"wp:attachment":[{"href":"https:\/\/arquitectura.udd.cl\/cic\/wp-json\/wp\/v2\/media?parent=841"}],"curies":[{"name":"wp","href":"https:\/\/api.w.org\/{rel}","templated":true}]}}