{"id":426,"date":"2021-12-23T16:35:28","date_gmt":"2021-12-23T15:35:28","guid":{"rendered":"https:\/\/arquitectura.udd.cl\/cic\/?page_id=426"},"modified":"2023-03-13T23:39:14","modified_gmt":"2023-03-13T22:39:14","slug":"plataforma-digital-de-proyectos-creo-antofagasta","status":"publish","type":"page","link":"https:\/\/arquitectura.udd.cl\/cic\/plataforma-digital-de-proyectos-creo-antofagasta\/","title":{"rendered":"Plataforma digital de proyectos CREO Antofagasta"},"content":{"rendered":"<section class=\"wp-block-udd-text-row\">\n\t<div class=\"text-row\">\n\t\t<div class=\"text-row__content\">\n\t\t\t<div class=\"text-row__content-inner text\">\n\t\t\t\t\t\t\t\t\n<p>El CIC desarroll\u00f3 para el <strong>Creo Antofagasta<\/strong> una <strong>herramienta digital que permite visualizar y acceder a la informaci\u00f3n general de las distintas iniciativas y proyectos urbanos que forman parte del plan maestro para la Ciudad<\/strong>. Esta herramienta tiene adem\u00e1s el potencial del crecer para implementar estrategias de participaci\u00f3n ciudadana y el levantamiento de informaci\u00f3n relevante para la planificaci\u00f3n y\/o evaluaci\u00f3n de iniciativas urbanas, ya que permite una interacci\u00f3n simple y l\u00fadica con la informaci\u00f3n de manera que todos los habitantes de Antofagasta puedan acceder a los datos y ser part\u00edcipes de los procesos urbanos.<\/p>\n\n<p>La herramienta digital incluye una versi\u00f3n web responsiva para dispositivos m\u00f3viles. Tambi\u00e9n se desarroll\u00f3 un sistema para que el equipo del Creo Antofagasta pudiera operar la herramienta una vez entregada, agregando o modificando proyectos acorde al avance del plan.<\/p>\n\t\t\t<\/div>\n\t\t<\/div>\n\t\t<div class=\"text-row__media\">\n\t\t\t<img loading=\"lazy\" decoding=\"async\" width=\"952\" height=\"534\" src=\"https:\/\/arquitectura.udd.cl\/cic\/files\/2023\/03\/creo1-680x382.jpg\" class=\"text-row__media-image lazyload\" alt=\"\" sizes=\"auto, (max-width: 952px) 100vw, 952px\" data-src=\"https:\/\/arquitectura.udd.cl\/cic\/files\/2023\/03\/creo1-952x534.jpg\" data-srcset=\"https:\/\/arquitectura.udd.cl\/cic\/files\/2023\/03\/creo1-952x534.jpg 952w, https:\/\/arquitectura.udd.cl\/cic\/files\/2023\/03\/creo1-680x382.jpg 680w\" \/>\t\t<\/div>\n\t<\/div>\n<\/section>\n\n\n<section class=\"wp-block-udd-text-row block--content-align-right\">\n\t<div class=\"text-row\">\n\t\t<div class=\"text-row__content\">\n\t\t\t<div class=\"text-row__content-inner text\">\n\t\t\t\t\t\t\t\t\n<p>Esta herramienta se desarroll\u00f3 como parte de la estrategia de difusi\u00f3n y participaci\u00f3n del plan maestro de desarrollo urbano de Antofagasta, por lo que su principal objetivo es dar a conocer las iniciativas y aportar a los procesos participativos.<\/p>\n\n<p>Esta herramienta se desarroll\u00f3 como parte de la estrategia de difusi\u00f3n y participaci\u00f3n del plan maestro de desarrollo urbano de Antofagasta, por lo que su principal objetivo es dar a conocer las iniciativas y aportar a los procesos participativos.<\/p>\n\n<p>El proceso completo de dise\u00f1o fue fruto de un trabajo participativo con el mandante, para definir los requerimientos y funcionalidades del sistema, la informaci\u00f3n que debe contener, las caracter\u00edsticas de usabilidad de las herramientas digitales y los datos o contenidos que se quieren difundir.<\/p>\n\t\t\t<\/div>\n\t\t<\/div>\n\t\t<div class=\"text-row__media\">\n\t\t\t<img loading=\"lazy\" decoding=\"async\" width=\"692\" height=\"456\" src=\"https:\/\/arquitectura.udd.cl\/cic\/files\/2023\/03\/creo2-680x382.jpg\" class=\"text-row__media-image lazyload\" alt=\"\" sizes=\"auto, (max-width: 692px) 100vw, 692px\" data-src=\"https:\/\/arquitectura.udd.cl\/cic\/files\/2023\/03\/creo2.jpg\" data-srcset=\"https:\/\/arquitectura.udd.cl\/cic\/files\/2023\/03\/creo2.jpg 692w, https:\/\/arquitectura.udd.cl\/cic\/files\/2023\/03\/creo2-300x198.jpg 300w\" \/>\t\t<\/div>\n\t<\/div>\n<\/section>\n\n\n<section class=\"wp-block-udd-featured-link block--bg-gray wp-block-udd-featured-link--align-right\">\n\t<div class=\"container\">\n\t\t<div class=\"featured-link\">\n\t\t\t\t\t\t<div class=\"featured-link__media\">\n\t\t\t<a href=\"https:\/\/www.creoantofagasta.cl\/\" data-url=\"https:\/\/www.creoantofagasta.cl\/\">\n\t\t\t\t\t<img loading=\"lazy\" decoding=\"async\" width=\"480\" height=\"317\" src=\"https:\/\/arquitectura.udd.cl\/cic\/files\/2023\/03\/a5.jpg\" class=\"featured-link__media-image lazyload\" alt=\"\" sizes=\"auto, (max-width: 480px) 100vw, 480px\" data-src=\"https:\/\/arquitectura.udd.cl\/cic\/files\/2023\/03\/a5.jpg\" data-srcset=\"https:\/\/arquitectura.udd.cl\/cic\/files\/2023\/03\/a5.jpg 480w, https:\/\/arquitectura.udd.cl\/cic\/files\/2023\/03\/a5-300x198.jpg 300w\" \/>\t\t\t\t<\/a>\n\t\t\t<\/div>\n\t\t\t\t\t\t<div class=\"featured-link__content\">\n\t\t\t\t\t\t\t\t\t\t\t\t\t<h3 class=\"featured-link__title\">\n\t\t\t\t\t\t<a data-url=\"https:\/\/www.creoantofagasta.cl\/\" href=\"https:\/\/www.creoantofagasta.cl\/\">\n\t\t\t\t\t\t\tCREO ANTOFAGASTA\t\t\t\t\t\t<\/a>\n\t\t\t\t\t<\/h3>\n\t\t\t\t\t\t\t\t\t\t\t\t\t\t\t\t<\/p>\n\t\t\t\t\t\t\t\t\t\t\t\t<a href=\"https:\/\/www.creoantofagasta.cl\/\" data-url=\"https:\/\/www.creoantofagasta.cl\/\"\n\t\t\t\t\t class=\"featured-link__more\"\t\t\t\t>\n\t\t\t\t\tP\u00e1gina web oficial\t\t\t\t<\/a>\n\t\t\t\t\t\t\t<\/div>\n\t\t<\/div>\n\t<\/div>\n<\/section>\n","protected":false},"excerpt":{"rendered":"","protected":false},"author":9192204,"featured_media":0,"parent":0,"menu_order":0,"comment_status":"closed","ping_status":"closed","template":"","meta":{"footnotes":""},"class_list":["post-426","page","type-page","status-publish","hentry"],"yoast_head":"<!-- This site is optimized with the Yoast SEO plugin v26.9 - https:\/\/yoast.com\/product\/yoast-seo-wordpress\/ -->\n<title>Plataforma digital de proyectos CREO Antofagasta - Centro de Innovaci\u00f3n en Ciudades UDD<\/title>\n<meta name=\"robots\" content=\"index, follow, max-snippet:-1, max-image-preview:large, max-video-preview:-1\" \/>\n<link rel=\"canonical\" href=\"https:\/\/arquitectura.udd.cl\/cic\/plataforma-digital-de-proyectos-creo-antofagasta\/\" \/>\n<meta property=\"og:locale\" content=\"es_ES\" \/>\n<meta property=\"og:type\" content=\"article\" \/>\n<meta property=\"og:title\" content=\"Plataforma digital de proyectos CREO Antofagasta - Centro de Innovaci\u00f3n en Ciudades UDD\" \/>\n<meta property=\"og:url\" content=\"https:\/\/arquitectura.udd.cl\/cic\/plataforma-digital-de-proyectos-creo-antofagasta\/\" \/>\n<meta property=\"og:site_name\" content=\"Centro de Innovaci\u00f3n en Ciudades UDD\" \/>\n<meta property=\"article:modified_time\" content=\"2023-03-13T22:39:14+00:00\" \/>\n<meta property=\"og:image\" content=\"https:\/\/arquitectura.udd.cl\/cic\/files\/2023\/03\/creo1.jpg\" \/>\n<meta name=\"twitter:card\" content=\"summary_large_image\" \/>\n<meta name=\"twitter:label1\" content=\"Tiempo de lectura\" \/>\n\t<meta name=\"twitter:data1\" content=\"2 minutos\" \/>\n<script type=\"application\/ld+json\" class=\"yoast-schema-graph\">{\"@context\":\"https:\/\/schema.org\",\"@graph\":[{\"@type\":\"WebPage\",\"@id\":\"https:\/\/arquitectura.udd.cl\/cic\/plataforma-digital-de-proyectos-creo-antofagasta\/\",\"url\":\"https:\/\/arquitectura.udd.cl\/cic\/plataforma-digital-de-proyectos-creo-antofagasta\/\",\"name\":\"Plataforma digital de proyectos CREO Antofagasta - Centro de Innovaci\u00f3n en Ciudades UDD\",\"isPartOf\":{\"@id\":\"https:\/\/arquitectura.udd.cl\/cic\/#website\"},\"primaryImageOfPage\":{\"@id\":\"https:\/\/arquitectura.udd.cl\/cic\/plataforma-digital-de-proyectos-creo-antofagasta\/#primaryimage\"},\"image\":{\"@id\":\"https:\/\/arquitectura.udd.cl\/cic\/plataforma-digital-de-proyectos-creo-antofagasta\/#primaryimage\"},\"thumbnailUrl\":\"https:\/\/arquitectura.udd.cl\/cic\/files\/2023\/03\/creo1.jpg\",\"datePublished\":\"2021-12-23T15:35:28+00:00\",\"dateModified\":\"2023-03-13T22:39:14+00:00\",\"breadcrumb\":{\"@id\":\"https:\/\/arquitectura.udd.cl\/cic\/plataforma-digital-de-proyectos-creo-antofagasta\/#breadcrumb\"},\"inLanguage\":\"es\",\"potentialAction\":[{\"@type\":\"ReadAction\",\"target\":[\"https:\/\/arquitectura.udd.cl\/cic\/plataforma-digital-de-proyectos-creo-antofagasta\/\"]}]},{\"@type\":\"ImageObject\",\"inLanguage\":\"es\",\"@id\":\"https:\/\/arquitectura.udd.cl\/cic\/plataforma-digital-de-proyectos-creo-antofagasta\/#primaryimage\",\"url\":\"https:\/\/arquitectura.udd.cl\/cic\/files\/2023\/03\/creo1.jpg\",\"contentUrl\":\"https:\/\/arquitectura.udd.cl\/cic\/files\/2023\/03\/creo1.jpg\",\"width\":1072,\"height\":667},{\"@type\":\"BreadcrumbList\",\"@id\":\"https:\/\/arquitectura.udd.cl\/cic\/plataforma-digital-de-proyectos-creo-antofagasta\/#breadcrumb\",\"itemListElement\":[{\"@type\":\"ListItem\",\"position\":1,\"name\":\"Portada\",\"item\":\"https:\/\/arquitectura.udd.cl\/cic\/\"},{\"@type\":\"ListItem\",\"position\":2,\"name\":\"Plataforma digital de proyectos CREO Antofagasta\"}]},{\"@type\":\"WebSite\",\"@id\":\"https:\/\/arquitectura.udd.cl\/cic\/#website\",\"url\":\"https:\/\/arquitectura.udd.cl\/cic\/\",\"name\":\"Centro de Innovaci\u00f3n en Ciudades UDD\",\"description\":\"\",\"inLanguage\":\"es\"}]}<\/script>\n<!-- \/ Yoast SEO plugin. -->","yoast_head_json":{"title":"Plataforma digital de proyectos CREO Antofagasta - Centro de Innovaci\u00f3n en Ciudades UDD","robots":{"index":"index","follow":"follow","max-snippet":"max-snippet:-1","max-image-preview":"max-image-preview:large","max-video-preview":"max-video-preview:-1"},"canonical":"https:\/\/arquitectura.udd.cl\/cic\/plataforma-digital-de-proyectos-creo-antofagasta\/","og_locale":"es_ES","og_type":"article","og_title":"Plataforma digital de proyectos CREO Antofagasta - Centro de Innovaci\u00f3n en Ciudades UDD","og_url":"https:\/\/arquitectura.udd.cl\/cic\/plataforma-digital-de-proyectos-creo-antofagasta\/","og_site_name":"Centro de Innovaci\u00f3n en Ciudades UDD","article_modified_time":"2023-03-13T22:39:14+00:00","og_image":[{"url":"https:\/\/arquitectura.udd.cl\/cic\/files\/2023\/03\/creo1.jpg","type":"","width":"","height":""}],"twitter_card":"summary_large_image","twitter_misc":{"Tiempo de lectura":"2 minutos"},"schema":{"@context":"https:\/\/schema.org","@graph":[{"@type":"WebPage","@id":"https:\/\/arquitectura.udd.cl\/cic\/plataforma-digital-de-proyectos-creo-antofagasta\/","url":"https:\/\/arquitectura.udd.cl\/cic\/plataforma-digital-de-proyectos-creo-antofagasta\/","name":"Plataforma digital de proyectos CREO Antofagasta - Centro de Innovaci\u00f3n en Ciudades UDD","isPartOf":{"@id":"https:\/\/arquitectura.udd.cl\/cic\/#website"},"primaryImageOfPage":{"@id":"https:\/\/arquitectura.udd.cl\/cic\/plataforma-digital-de-proyectos-creo-antofagasta\/#primaryimage"},"image":{"@id":"https:\/\/arquitectura.udd.cl\/cic\/plataforma-digital-de-proyectos-creo-antofagasta\/#primaryimage"},"thumbnailUrl":"https:\/\/arquitectura.udd.cl\/cic\/files\/2023\/03\/creo1.jpg","datePublished":"2021-12-23T15:35:28+00:00","dateModified":"2023-03-13T22:39:14+00:00","breadcrumb":{"@id":"https:\/\/arquitectura.udd.cl\/cic\/plataforma-digital-de-proyectos-creo-antofagasta\/#breadcrumb"},"inLanguage":"es","potentialAction":[{"@type":"ReadAction","target":["https:\/\/arquitectura.udd.cl\/cic\/plataforma-digital-de-proyectos-creo-antofagasta\/"]}]},{"@type":"ImageObject","inLanguage":"es","@id":"https:\/\/arquitectura.udd.cl\/cic\/plataforma-digital-de-proyectos-creo-antofagasta\/#primaryimage","url":"https:\/\/arquitectura.udd.cl\/cic\/files\/2023\/03\/creo1.jpg","contentUrl":"https:\/\/arquitectura.udd.cl\/cic\/files\/2023\/03\/creo1.jpg","width":1072,"height":667},{"@type":"BreadcrumbList","@id":"https:\/\/arquitectura.udd.cl\/cic\/plataforma-digital-de-proyectos-creo-antofagasta\/#breadcrumb","itemListElement":[{"@type":"ListItem","position":1,"name":"Portada","item":"https:\/\/arquitectura.udd.cl\/cic\/"},{"@type":"ListItem","position":2,"name":"Plataforma digital de proyectos CREO Antofagasta"}]},{"@type":"WebSite","@id":"https:\/\/arquitectura.udd.cl\/cic\/#website","url":"https:\/\/arquitectura.udd.cl\/cic\/","name":"Centro de Innovaci\u00f3n en Ciudades UDD","description":"","inLanguage":"es"}]}},"_links":{"self":[{"href":"https:\/\/arquitectura.udd.cl\/cic\/wp-json\/wp\/v2\/pages\/426","targetHints":{"allow":["GET"]}}],"collection":[{"href":"https:\/\/arquitectura.udd.cl\/cic\/wp-json\/wp\/v2\/pages"}],"about":[{"href":"https:\/\/arquitectura.udd.cl\/cic\/wp-json\/wp\/v2\/types\/page"}],"author":[{"embeddable":true,"href":"https:\/\/arquitectura.udd.cl\/cic\/wp-json\/wp\/v2\/users\/9192204"}],"replies":[{"embeddable":true,"href":"https:\/\/arquitectura.udd.cl\/cic\/wp-json\/wp\/v2\/comments?post=426"}],"version-history":[{"count":9,"href":"https:\/\/arquitectura.udd.cl\/cic\/wp-json\/wp\/v2\/pages\/426\/revisions"}],"predecessor-version":[{"id":1164,"href":"https:\/\/arquitectura.udd.cl\/cic\/wp-json\/wp\/v2\/pages\/426\/revisions\/1164"}],"wp:attachment":[{"href":"https:\/\/arquitectura.udd.cl\/cic\/wp-json\/wp\/v2\/media?parent=426"}],"curies":[{"name":"wp","href":"https:\/\/api.w.org\/{rel}","templated":true}]}}