{"id":30,"date":"2021-11-24T15:04:38","date_gmt":"2021-11-24T14:04:38","guid":{"rendered":"https:\/\/arquitectura.udd.cl\/cic\/?page_id=30"},"modified":"2024-07-31T17:33:33","modified_gmt":"2024-07-31T15:33:33","slug":"sobre-el-centro","status":"publish","type":"page","link":"https:\/\/arquitectura.udd.cl\/cic\/sobre-el-centro\/","title":{"rendered":"Sobre el centro"},"content":{"rendered":"<section class=\"wp-block-udd-text-row block--bg-gradient\">\n\t<div class=\"text-row\">\n\t\t<div class=\"text-row__content\">\n\t\t\t<div class=\"text-row__content-inner text\">\n\t\t\t\t\t\t\t\t\n<p> El <strong>CIC<\/strong> fue creado a inicios del 2016 con el objeto de generar, desde la academia,&nbsp; nuevas respuestas a los desaf\u00edos urbanos. <\/p>\n\n<p> Somos un <strong>centro multidisciplinario<\/strong> dedicado a la investigaci\u00f3n aplicada, al desarrollo de conocimiento, puesta a prueba de soluciones innovadoras y a la difusi\u00f3n de buenas pr\u00e1cticas para crear valor compartido y orientar futuras acciones en las ciudades y sus comunidades.<\/p>\n\t\t\t<\/div>\n\t\t<\/div>\n\t\t<div class=\"text-row__media\">\n\t\t\t<img loading=\"lazy\" decoding=\"async\" width=\"952\" height=\"534\" src=\"https:\/\/arquitectura.udd.cl\/cic\/files\/2021\/11\/8488681986864686501_IMG_1584-680x382.jpg\" class=\"text-row__media-image lazyload\" alt=\"\" sizes=\"auto, (max-width: 952px) 100vw, 952px\" data-src=\"https:\/\/arquitectura.udd.cl\/cic\/files\/2021\/11\/8488681986864686501_IMG_1584-952x534.jpg\" data-srcset=\"https:\/\/arquitectura.udd.cl\/cic\/files\/2021\/11\/8488681986864686501_IMG_1584-952x534.jpg 952w, https:\/\/arquitectura.udd.cl\/cic\/files\/2021\/11\/8488681986864686501_IMG_1584-1366x768.jpg 1366w, https:\/\/arquitectura.udd.cl\/cic\/files\/2021\/11\/8488681986864686501_IMG_1584-680x382.jpg 680w\" \/>\t\t<\/div>\n\t<\/div>\n<\/section>\n\n\n<section class=\"wp-block-udd-text-row block--content-align-right block--bg-gradient\">\n\t<div class=\"text-row\">\n\t\t<div class=\"text-row__content\">\n\t\t\t<div class=\"text-row__content-inner text\">\n\t\t\t\t\t\t\t\t\n<p> Nuestros <strong>\u00e1mbitos de acci\u00f3n<\/strong> se definen desde tres marcos te\u00f3ricos urbanos con un foco espec\u00edfico en los componentes de <strong>Gobernanza<\/strong> que hacen posible  implementar estas transformaciones  <\/p>\n\n<ul class=\"wp-block-list\">\n<li>Ciudades inteligentes<\/li>\n\n\n\n<li>Ciudades e infraestructura sustentables <\/li>\n\n\n\n<li> Ciudades resilientes  <\/li>\n<\/ul>\n\n<p><\/p>\n\t\t\t<\/div>\n\t\t<\/div>\n\t\t<div class=\"text-row__media\">\n\t\t\t<img loading=\"lazy\" decoding=\"async\" width=\"952\" height=\"534\" src=\"https:\/\/arquitectura.udd.cl\/cic\/files\/2021\/11\/3213867235154835070_IMG_1626-680x382.jpg\" class=\"text-row__media-image lazyload\" alt=\"\" sizes=\"auto, (max-width: 952px) 100vw, 952px\" data-src=\"https:\/\/arquitectura.udd.cl\/cic\/files\/2021\/11\/3213867235154835070_IMG_1626-952x534.jpg\" data-srcset=\"https:\/\/arquitectura.udd.cl\/cic\/files\/2021\/11\/3213867235154835070_IMG_1626-952x534.jpg 952w, https:\/\/arquitectura.udd.cl\/cic\/files\/2021\/11\/3213867235154835070_IMG_1626-1366x768.jpg 1366w, https:\/\/arquitectura.udd.cl\/cic\/files\/2021\/11\/3213867235154835070_IMG_1626-680x382.jpg 680w\" \/>\t\t<\/div>\n\t<\/div>\n<\/section>\n","protected":false},"excerpt":{"rendered":"","protected":false},"author":9192204,"featured_media":0,"parent":0,"menu_order":0,"comment_status":"closed","ping_status":"closed","template":"","meta":{"footnotes":""},"class_list":["post-30","page","type-page","status-publish","hentry"],"yoast_head":"<!-- This site is optimized with the Yoast SEO plugin v26.9 - https:\/\/yoast.com\/product\/yoast-seo-wordpress\/ -->\n<title>Sobre el centro - Centro de Innovaci\u00f3n en Ciudades UDD<\/title>\n<meta name=\"robots\" content=\"index, follow, max-snippet:-1, max-image-preview:large, max-video-preview:-1\" \/>\n<link rel=\"canonical\" href=\"https:\/\/arquitectura.udd.cl\/cic\/sobre-el-centro\/\" \/>\n<meta property=\"og:locale\" content=\"es_ES\" \/>\n<meta property=\"og:type\" content=\"article\" \/>\n<meta property=\"og:title\" content=\"Sobre el centro - Centro de Innovaci\u00f3n en Ciudades UDD\" \/>\n<meta property=\"og:url\" content=\"https:\/\/arquitectura.udd.cl\/cic\/sobre-el-centro\/\" \/>\n<meta property=\"og:site_name\" content=\"Centro de Innovaci\u00f3n en Ciudades UDD\" \/>\n<meta property=\"article:modified_time\" content=\"2024-07-31T15:33:33+00:00\" \/>\n<meta property=\"og:image\" content=\"https:\/\/arquitectura.udd.cl\/cic\/files\/2021\/11\/8488681986864686501_IMG_1584-scaled.jpg\" \/>\n<meta name=\"twitter:card\" content=\"summary_large_image\" \/>\n<meta name=\"twitter:label1\" content=\"Tiempo de lectura\" \/>\n\t<meta name=\"twitter:data1\" content=\"1 minuto\" \/>\n<script type=\"application\/ld+json\" class=\"yoast-schema-graph\">{\"@context\":\"https:\/\/schema.org\",\"@graph\":[{\"@type\":\"WebPage\",\"@id\":\"https:\/\/arquitectura.udd.cl\/cic\/sobre-el-centro\/\",\"url\":\"https:\/\/arquitectura.udd.cl\/cic\/sobre-el-centro\/\",\"name\":\"Sobre el centro - Centro de Innovaci\u00f3n en Ciudades UDD\",\"isPartOf\":{\"@id\":\"https:\/\/arquitectura.udd.cl\/cic\/#website\"},\"primaryImageOfPage\":{\"@id\":\"https:\/\/arquitectura.udd.cl\/cic\/sobre-el-centro\/#primaryimage\"},\"image\":{\"@id\":\"https:\/\/arquitectura.udd.cl\/cic\/sobre-el-centro\/#primaryimage\"},\"thumbnailUrl\":\"https:\/\/arquitectura.udd.cl\/cic\/files\/2021\/11\/8488681986864686501_IMG_1584-scaled.jpg\",\"datePublished\":\"2021-11-24T14:04:38+00:00\",\"dateModified\":\"2024-07-31T15:33:33+00:00\",\"breadcrumb\":{\"@id\":\"https:\/\/arquitectura.udd.cl\/cic\/sobre-el-centro\/#breadcrumb\"},\"inLanguage\":\"es\",\"potentialAction\":[{\"@type\":\"ReadAction\",\"target\":[\"https:\/\/arquitectura.udd.cl\/cic\/sobre-el-centro\/\"]}]},{\"@type\":\"ImageObject\",\"inLanguage\":\"es\",\"@id\":\"https:\/\/arquitectura.udd.cl\/cic\/sobre-el-centro\/#primaryimage\",\"url\":\"https:\/\/arquitectura.udd.cl\/cic\/files\/2021\/11\/8488681986864686501_IMG_1584-scaled.jpg\",\"contentUrl\":\"https:\/\/arquitectura.udd.cl\/cic\/files\/2021\/11\/8488681986864686501_IMG_1584-scaled.jpg\",\"width\":2560,\"height\":1707},{\"@type\":\"BreadcrumbList\",\"@id\":\"https:\/\/arquitectura.udd.cl\/cic\/sobre-el-centro\/#breadcrumb\",\"itemListElement\":[{\"@type\":\"ListItem\",\"position\":1,\"name\":\"Portada\",\"item\":\"https:\/\/arquitectura.udd.cl\/cic\/\"},{\"@type\":\"ListItem\",\"position\":2,\"name\":\"Sobre el centro\"}]},{\"@type\":\"WebSite\",\"@id\":\"https:\/\/arquitectura.udd.cl\/cic\/#website\",\"url\":\"https:\/\/arquitectura.udd.cl\/cic\/\",\"name\":\"Centro de Innovaci\u00f3n en Ciudades UDD\",\"description\":\"\",\"inLanguage\":\"es\"}]}<\/script>\n<!-- \/ Yoast SEO plugin. -->","yoast_head_json":{"title":"Sobre el centro - Centro de Innovaci\u00f3n en Ciudades UDD","robots":{"index":"index","follow":"follow","max-snippet":"max-snippet:-1","max-image-preview":"max-image-preview:large","max-video-preview":"max-video-preview:-1"},"canonical":"https:\/\/arquitectura.udd.cl\/cic\/sobre-el-centro\/","og_locale":"es_ES","og_type":"article","og_title":"Sobre el centro - Centro de Innovaci\u00f3n en Ciudades UDD","og_url":"https:\/\/arquitectura.udd.cl\/cic\/sobre-el-centro\/","og_site_name":"Centro de Innovaci\u00f3n en Ciudades UDD","article_modified_time":"2024-07-31T15:33:33+00:00","og_image":[{"url":"https:\/\/arquitectura.udd.cl\/cic\/files\/2021\/11\/8488681986864686501_IMG_1584-scaled.jpg","type":"","width":"","height":""}],"twitter_card":"summary_large_image","twitter_misc":{"Tiempo de lectura":"1 minuto"},"schema":{"@context":"https:\/\/schema.org","@graph":[{"@type":"WebPage","@id":"https:\/\/arquitectura.udd.cl\/cic\/sobre-el-centro\/","url":"https:\/\/arquitectura.udd.cl\/cic\/sobre-el-centro\/","name":"Sobre el centro - Centro de Innovaci\u00f3n en Ciudades UDD","isPartOf":{"@id":"https:\/\/arquitectura.udd.cl\/cic\/#website"},"primaryImageOfPage":{"@id":"https:\/\/arquitectura.udd.cl\/cic\/sobre-el-centro\/#primaryimage"},"image":{"@id":"https:\/\/arquitectura.udd.cl\/cic\/sobre-el-centro\/#primaryimage"},"thumbnailUrl":"https:\/\/arquitectura.udd.cl\/cic\/files\/2021\/11\/8488681986864686501_IMG_1584-scaled.jpg","datePublished":"2021-11-24T14:04:38+00:00","dateModified":"2024-07-31T15:33:33+00:00","breadcrumb":{"@id":"https:\/\/arquitectura.udd.cl\/cic\/sobre-el-centro\/#breadcrumb"},"inLanguage":"es","potentialAction":[{"@type":"ReadAction","target":["https:\/\/arquitectura.udd.cl\/cic\/sobre-el-centro\/"]}]},{"@type":"ImageObject","inLanguage":"es","@id":"https:\/\/arquitectura.udd.cl\/cic\/sobre-el-centro\/#primaryimage","url":"https:\/\/arquitectura.udd.cl\/cic\/files\/2021\/11\/8488681986864686501_IMG_1584-scaled.jpg","contentUrl":"https:\/\/arquitectura.udd.cl\/cic\/files\/2021\/11\/8488681986864686501_IMG_1584-scaled.jpg","width":2560,"height":1707},{"@type":"BreadcrumbList","@id":"https:\/\/arquitectura.udd.cl\/cic\/sobre-el-centro\/#breadcrumb","itemListElement":[{"@type":"ListItem","position":1,"name":"Portada","item":"https:\/\/arquitectura.udd.cl\/cic\/"},{"@type":"ListItem","position":2,"name":"Sobre el centro"}]},{"@type":"WebSite","@id":"https:\/\/arquitectura.udd.cl\/cic\/#website","url":"https:\/\/arquitectura.udd.cl\/cic\/","name":"Centro de Innovaci\u00f3n en Ciudades UDD","description":"","inLanguage":"es"}]}},"_links":{"self":[{"href":"https:\/\/arquitectura.udd.cl\/cic\/wp-json\/wp\/v2\/pages\/30","targetHints":{"allow":["GET"]}}],"collection":[{"href":"https:\/\/arquitectura.udd.cl\/cic\/wp-json\/wp\/v2\/pages"}],"about":[{"href":"https:\/\/arquitectura.udd.cl\/cic\/wp-json\/wp\/v2\/types\/page"}],"author":[{"embeddable":true,"href":"https:\/\/arquitectura.udd.cl\/cic\/wp-json\/wp\/v2\/users\/9192204"}],"replies":[{"embeddable":true,"href":"https:\/\/arquitectura.udd.cl\/cic\/wp-json\/wp\/v2\/comments?post=30"}],"version-history":[{"count":33,"href":"https:\/\/arquitectura.udd.cl\/cic\/wp-json\/wp\/v2\/pages\/30\/revisions"}],"predecessor-version":[{"id":1432,"href":"https:\/\/arquitectura.udd.cl\/cic\/wp-json\/wp\/v2\/pages\/30\/revisions\/1432"}],"wp:attachment":[{"href":"https:\/\/arquitectura.udd.cl\/cic\/wp-json\/wp\/v2\/media?parent=30"}],"curies":[{"name":"wp","href":"https:\/\/api.w.org\/{rel}","templated":true}]}}