{"id":1465,"date":"2024-08-26T18:25:30","date_gmt":"2024-08-26T16:25:30","guid":{"rendered":"https:\/\/arquitectura.udd.cl\/cic\/?page_id=1465"},"modified":"2024-09-02T18:11:50","modified_gmt":"2024-09-02T16:11:50","slug":"conecta-santiago","status":"publish","type":"page","link":"https:\/\/arquitectura.udd.cl\/cic\/conecta-santiago\/","title":{"rendered":"Conecta Santiago"},"content":{"rendered":"<section class=\"wp-block-udd-text-row block--content-align-right\">\n\t<div class=\"text-row\">\n\t\t<div class=\"text-row__content\">\n\t\t\t<div class=\"text-row__content-inner text\">\n\t\t\t\t\t\t\t\t\n<p><strong>Conecta Santiago<\/strong>&nbsp;es un proyecto del&nbsp;<a href=\"https:\/\/www.gobiernosantiago.cl\/\" target=\"_blank\" rel=\"noreferrer noopener\">Gobierno de Santiago<\/a>&nbsp;con la colaboraci\u00f3n del&nbsp;Centro de Innovaci\u00f3n en Ciudades&nbsp;de la&nbsp;Universidad del Desarrollo, que tiene como objetivo fortalecer la experiencia de los equipos municipales y fomentar la colaboraci\u00f3n, innovaci\u00f3n e integraci\u00f3n a nivel regional del trabajo que realizan las autoridades de planificaci\u00f3n en cada comuna. Adicionalmente, representa un espacio de reflexi\u00f3n y discusi\u00f3n de los desaf\u00edos y oportunidades que cada uno de los diversos territorios de la regi\u00f3n ofrece. La iniciativa incluye encuentros presenciales, y un diplomado que consiste en clases online, material digital de apoyo y el desarrollo de propuestas para formulaci\u00f3n de proyectos.<\/p>\n\t\t\t<\/div>\n\t\t<\/div>\n\t\t<div class=\"text-row__media\">\n\t\t\t<img loading=\"lazy\" decoding=\"async\" width=\"952\" height=\"534\" src=\"https:\/\/arquitectura.udd.cl\/cic\/files\/2024\/08\/mg_1282-300x168.jpg\" class=\"text-row__media-image lazyload\" alt=\"\" sizes=\"auto, (max-width: 952px) 100vw, 952px\" data-src=\"https:\/\/arquitectura.udd.cl\/cic\/files\/2024\/08\/mg_1282-952x534.jpg\" data-srcset=\"https:\/\/arquitectura.udd.cl\/cic\/files\/2024\/08\/mg_1282-952x534.jpg 952w, https:\/\/arquitectura.udd.cl\/cic\/files\/2024\/08\/mg_1282-300x168.jpg 300w, https:\/\/arquitectura.udd.cl\/cic\/files\/2024\/08\/mg_1282-1024x575.jpg 1024w, https:\/\/arquitectura.udd.cl\/cic\/files\/2024\/08\/mg_1282-768x431.jpg 768w, https:\/\/arquitectura.udd.cl\/cic\/files\/2024\/08\/mg_1282-1536x862.jpg 1536w, https:\/\/arquitectura.udd.cl\/cic\/files\/2024\/08\/mg_1282-2048x1150.jpg 2048w, https:\/\/arquitectura.udd.cl\/cic\/files\/2024\/08\/mg_1282-1366x768.jpg 1366w, https:\/\/arquitectura.udd.cl\/cic\/files\/2024\/08\/mg_1282-680x382.jpg 680w\" \/>\t\t<\/div>\n\t<\/div>\n<\/section>\n\n\n<!-- WP Block: UDD - Cards Alternate -->\n<section class=\"wp-block-udd-cards\" style=\"--udd-blocks-has-columns-number: 3\">\n\t<div class=\"container\">\n\t\t\t\t\t<header class=\"header__innerblock block__header\">\n\t\t\t\n<h2 class=\"wp-block-heading\">Sobre Conecta Santiago<\/h2>\n\t\n\t\n\t<\/header>\n\t\t\t\t<div class=\"block__content\">\n\t\t\t<div class=\"cards\">\n\t\t\t\t\t\t\t\t\t\t\t\t\t\t\t\t\t<div class=\"card-wrapper\">\n\t\t\t\t\t\t<div class=\"card\">\n\t\t\t\t\t\t\t<h3 class=\"card__title\">Objetivos<\/h3>\n\t\t\t\t\t\t\t\t\t\t\t\t\t\t<div class=\"card__description\">\n\t\t\t\t\t\t\t\t<p>Apoyar los conocimientos y experiencia de las autoridades municipales relacionadas con los procesos de planificaci\u00f3n del territorio y la formulaci\u00f3n, financiamiento y gesti\u00f3n de proyectos a escala intercomunal.<\/p>\n<p>Establecer un espacio de encuentro entre las autoridades de planificaci\u00f3n comunal y el Gobierno de Santiago, a trav\u00e9s del cual se pretende avanzar hacia una visi\u00f3n integrada del territorio.<\/p>\n\t\t\t\t\t\t\t<\/div>\n\t\t\t\t\t\t\t\t\t\t\t\t\t<\/div>\n\t\t\t\t\t<\/div>\n\t\t\t\t\t\t\t\t\t\t\t\t\t\t\t\t\t\t\t\t\t<div class=\"card-wrapper\">\n\t\t\t\t\t\t<div class=\"card\">\n\t\t\t\t\t\t\t<h3 class=\"card__title\">Metodolog\u00eda<\/h3>\n\t\t\t\t\t\t\t\t\t\t\t\t\t\t<div class=\"card__description\">\n\t\t\t\t\t\t\t\t<p>El plan formativo se desarrolla mediante encuentros presenciales, clases online, material digital de apoyo y la formulaci\u00f3n de proyectos escala territorial (urbana \/ rural), en la que logren trascender a las definiciones -y l\u00edmites- establecidos por cada comuna, para avanzar hacia una visi\u00f3n integrada del territorio.<\/p>\n\t\t\t\t\t\t\t<\/div>\n\t\t\t\t\t\t\t\t\t\t\t\t\t<\/div>\n\t\t\t\t\t<\/div>\n\t\t\t\t\t\t\t\t\t\t\t\t\t\t\t\t\t\t\t\t\t<div class=\"card-wrapper\">\n\t\t\t\t\t\t<div class=\"card\">\n\t\t\t\t\t\t\t<h3 class=\"card__title\">Programa<\/h3>\n\t\t\t\t\t\t\t\t\t\t\t\t\t\t<div class=\"card__description\">\n\t\t\t\t\t\t\t\t<p>El plan formativo se desarrollar\u00e1 durante 23 semanas entre los meses de julio y diciembre de 2024. Se estructura a partir de tres fases: Problematizaci\u00f3n, Formulaci\u00f3n de proyectos y Financiamiento y Gesti\u00f3n. Cada fase contiene m\u00f3dulos que ir\u00e1n aportando contenido, herramientas y casos de estudio en materia de planificaci\u00f3n territorial y desarrollo de proyectos. Se contemplan dos encuentros regionales donde participar\u00e1n representantes de las 52 comunas de la Regi\u00f3n Metropolitana, del Gobierno de Santiago y la UDD.<\/p>\n\t\t\t\t\t\t\t<\/div>\n\t\t\t\t\t\t\t\t\t\t\t\t\t<\/div>\n\t\t\t\t\t<\/div>\n\t\t\t\t\t\t\t\t\t\t<\/div>\n\t\t<\/div>\n\t<\/div>\n<\/section>\n\n\n\n<ul class=\"wp-block-list\">\n<li><\/li>\n<\/ul>\n\n\n\n<figure class=\"wp-block-embed is-type-video is-provider-youtube wp-block-embed-youtube wp-embed-aspect-16-9 wp-has-aspect-ratio\"><div class=\"wp-block-embed__wrapper\">\n<iframe loading=\"lazy\" title=\"1\u00b0 Encuentro regional de planificaci\u00f3n\" width=\"500\" height=\"281\" src=\"https:\/\/www.youtube.com\/embed\/MSghHDIYs3k?feature=oembed\" frameborder=\"0\" allow=\"accelerometer; autoplay; clipboard-write; encrypted-media; gyroscope; picture-in-picture; web-share\" referrerpolicy=\"strict-origin-when-cross-origin\" allowfullscreen><\/iframe>\n<\/div><\/figure>\n\n\n\n<p class=\"has-xx-large-font-size\"><strong>Programa de Formaci\u00f3n<\/strong><\/p>\n\n\n<section class=\"wp-block-udd-text-row block--bg-gray\">\n\t<div class=\"text-row\">\n\t\t<div class=\"text-row__content\">\n\t\t\t<div class=\"text-row__content-inner text\">\n\t\t\t\t\t\t\t\t<h2>Problematizaci\u00f3n<\/h2>\n\t\t\t\t\t\t\t\t\n<p>Identificaci\u00f3n de dolores, brechas y oportunidades en los territorios de la regi\u00f3n metropolitana de Santiago, a partir de la visi\u00f3n de la nueva Estrategia de Desarrollo Regional y tem\u00e1ticas c\u00f3mo la planificaci\u00f3n del territorio y sus implicancias en relaci\u00f3n con la crisis clim\u00e1tica, territorios inteligentes e informaci\u00f3n geoespacial, planificaci\u00f3n ecol\u00f3gica y soluciones basadas en la naturaleza, seguridad urbana y rural, desarrollo orientado en el transporte, entre otros.<\/p>\n\t\t\t<\/div>\n\t\t<\/div>\n\t\t<div class=\"text-row__media\">\n\t\t\t<img loading=\"lazy\" decoding=\"async\" width=\"952\" height=\"534\" src=\"https:\/\/arquitectura.udd.cl\/cic\/files\/2024\/08\/mg_1519-680x382.jpg\" class=\"text-row__media-image lazyload\" alt=\"\" sizes=\"auto, (max-width: 952px) 100vw, 952px\" data-src=\"https:\/\/arquitectura.udd.cl\/cic\/files\/2024\/08\/mg_1519-952x534.jpg\" data-srcset=\"https:\/\/arquitectura.udd.cl\/cic\/files\/2024\/08\/mg_1519-952x534.jpg 952w, https:\/\/arquitectura.udd.cl\/cic\/files\/2024\/08\/mg_1519-1366x768.jpg 1366w, https:\/\/arquitectura.udd.cl\/cic\/files\/2024\/08\/mg_1519-680x382.jpg 680w\" \/>\t\t<\/div>\n\t<\/div>\n<\/section>\n\n\n<section class=\"wp-block-udd-text-row block--content-align-right block--bg-gray\">\n\t<div class=\"text-row\">\n\t\t<div class=\"text-row__content\">\n\t\t\t<div class=\"text-row__content-inner text\">\n\t\t\t\t\t\t\t\t<h2>Formulaci\u00f3n<\/h2>\n\t\t\t\t\t\t\t\t\n<p>Desarrollo de las iniciativas a partir de modelos de colaboraci\u00f3n intercomunal, intersectorial o inclusive, internacional. A trav\u00e9s de tem\u00e1ticas relevantes de la gesti\u00f3n territorial, los equipos municipales deben plantear una iniciativa que incluya a lo menos una comuna m\u00e1s, para hacer frente a los desaf\u00edos detectados en la fase anterior.<\/p>\n\t\t\t<\/div>\n\t\t<\/div>\n\t\t<div class=\"text-row__media\">\n\t\t\t<img loading=\"lazy\" decoding=\"async\" width=\"952\" height=\"534\" src=\"https:\/\/arquitectura.udd.cl\/cic\/files\/2024\/08\/mg_1068-680x382.jpg\" class=\"text-row__media-image lazyload\" alt=\"\" sizes=\"auto, (max-width: 952px) 100vw, 952px\" data-src=\"https:\/\/arquitectura.udd.cl\/cic\/files\/2024\/08\/mg_1068-952x534.jpg\" data-srcset=\"https:\/\/arquitectura.udd.cl\/cic\/files\/2024\/08\/mg_1068-952x534.jpg 952w, https:\/\/arquitectura.udd.cl\/cic\/files\/2024\/08\/mg_1068-1366x768.jpg 1366w, https:\/\/arquitectura.udd.cl\/cic\/files\/2024\/08\/mg_1068-680x382.jpg 680w\" \/>\t\t<\/div>\n\t<\/div>\n<\/section>\n\n\n<section class=\"wp-block-udd-text-row block--bg-gray\">\n\t<div class=\"text-row\">\n\t\t<div class=\"text-row__content\">\n\t\t\t<div class=\"text-row__content-inner text\">\n\t\t\t\t\t\t\t\t<h2>Financiamiento y gesti\u00f3n<\/h2>\n\t\t\t\t\t\t\t\t\n<p>En esta fase los equipos municipales deben definir un mecanismo de financiamiento y gobernanza de sus iniciativas. Se revisar\u00e1n proyectos financiados a trav\u00e9s de asociaciones p\u00fablico privadas, financiamiento intersectorial y diversos instrumentos de financiamiento a nivel nacional e internacional. Adicionalmente se abordar\u00e1 la evaluaci\u00f3n, aprobaci\u00f3n y gesti\u00f3n de proyectos aprobados por parte del GORE, mejoramiento institucional y nuevos modelos de gobernanza y ejemplos inspiradores de innovaci\u00f3n territorial.<\/p>\n\t\t\t<\/div>\n\t\t<\/div>\n\t\t<div class=\"text-row__media\">\n\t\t\t<img loading=\"lazy\" decoding=\"async\" width=\"952\" height=\"534\" src=\"https:\/\/arquitectura.udd.cl\/cic\/files\/2024\/08\/imagen-de-whatsapp-2024-07-17-a-las-17-19-31_93ca2294-680x382.jpg\" class=\"text-row__media-image lazyload\" alt=\"\" sizes=\"auto, (max-width: 952px) 100vw, 952px\" data-src=\"https:\/\/arquitectura.udd.cl\/cic\/files\/2024\/08\/imagen-de-whatsapp-2024-07-17-a-las-17-19-31_93ca2294-952x534.jpg\" data-srcset=\"https:\/\/arquitectura.udd.cl\/cic\/files\/2024\/08\/imagen-de-whatsapp-2024-07-17-a-las-17-19-31_93ca2294-952x534.jpg 952w, https:\/\/arquitectura.udd.cl\/cic\/files\/2024\/08\/imagen-de-whatsapp-2024-07-17-a-las-17-19-31_93ca2294-680x382.jpg 680w\" \/>\t\t<\/div>\n\t<\/div>\n<\/section>\n\n\n<!-- WP Block: UDD - Disposable -->\n<section\n\tdata-sps-offset=\"100\"\n\tid=\"udd-disposable--1--1465\"\n\tclass=\"wp-block-udd-disposable udd-notice disposable-block \"\n>\n\t<div class=\"container\">\n\t\t<div\n\t\t\tclass=\"udd-notice__header \"\n\t\t\tstyle=\"background-color: #b41b1b\"\n\t\t>\n\t\t\t\t\t\t<span class=\"udd-notice__header-label\">CONECTA SANTIAGO<\/span>\n\t\t<\/div>\n\t\t<div\n\t\t\tclass=\"udd-notice__content\"\n\t\t\tstyle=\"background-color: #b41b1b1a\"\n\t\t>\n\t\t\t<a href=\"https:\/\/conectasantiago.cl\/\">VISITA NUESTRA P\u00c1GINA WEB<\/a>\t\t<\/div>\n\t\t\t<\/div>\n<\/section>\n\n\n\n<p class=\"has-small-font-size\"><em>Proyecto financiado por el Fondo de Innovaci\u00f3n para la Competitividad (FIC-R) del Gobierno de Santiago y ejecutado por el Centro de Innovaci\u00f3n en Ciudades UDD.<\/em><\/p>\n\n\n\n<p><\/p>\n","protected":false},"excerpt":{"rendered":"<p>Programa de Formaci\u00f3n Proyecto financiado por el Fondo de Innovaci\u00f3n para la Competitividad (FIC-R) del Gobierno de Santiago y ejecutado por el Centro de Innovaci\u00f3n en Ciudades UDD.<\/p>\n","protected":false},"author":9192204,"featured_media":0,"parent":0,"menu_order":0,"comment_status":"closed","ping_status":"closed","template":"","meta":{"footnotes":""},"class_list":["post-1465","page","type-page","status-publish","hentry"],"yoast_head":"<!-- This site is optimized with the Yoast SEO plugin v26.9 - https:\/\/yoast.com\/product\/yoast-seo-wordpress\/ -->\n<title>Conecta Santiago - Centro de Innovaci\u00f3n en Ciudades UDD<\/title>\n<meta name=\"robots\" content=\"index, follow, max-snippet:-1, max-image-preview:large, max-video-preview:-1\" \/>\n<link rel=\"canonical\" href=\"https:\/\/arquitectura.udd.cl\/cic\/conecta-santiago\/\" \/>\n<meta property=\"og:locale\" content=\"es_ES\" \/>\n<meta property=\"og:type\" content=\"article\" \/>\n<meta property=\"og:title\" content=\"Conecta Santiago - Centro de Innovaci\u00f3n en Ciudades UDD\" \/>\n<meta property=\"og:description\" content=\"Programa de Formaci\u00f3n Proyecto financiado por el Fondo de Innovaci\u00f3n para la Competitividad (FIC-R) del Gobierno de Santiago y ejecutado por el Centro de Innovaci\u00f3n en Ciudades UDD.\" \/>\n<meta property=\"og:url\" content=\"https:\/\/arquitectura.udd.cl\/cic\/conecta-santiago\/\" \/>\n<meta property=\"og:site_name\" content=\"Centro de Innovaci\u00f3n en Ciudades UDD\" \/>\n<meta property=\"article:modified_time\" content=\"2024-09-02T16:11:50+00:00\" \/>\n<meta property=\"og:image\" content=\"https:\/\/arquitectura.udd.cl\/cic\/files\/2024\/08\/mg_1282-scaled.jpg\" \/>\n<meta name=\"twitter:card\" content=\"summary_large_image\" \/>\n<meta name=\"twitter:label1\" content=\"Tiempo de lectura\" \/>\n\t<meta name=\"twitter:data1\" content=\"3 minutos\" \/>\n<script type=\"application\/ld+json\" class=\"yoast-schema-graph\">{\"@context\":\"https:\/\/schema.org\",\"@graph\":[{\"@type\":\"WebPage\",\"@id\":\"https:\/\/arquitectura.udd.cl\/cic\/conecta-santiago\/\",\"url\":\"https:\/\/arquitectura.udd.cl\/cic\/conecta-santiago\/\",\"name\":\"Conecta Santiago - Centro de Innovaci\u00f3n en Ciudades UDD\",\"isPartOf\":{\"@id\":\"https:\/\/arquitectura.udd.cl\/cic\/#website\"},\"primaryImageOfPage\":{\"@id\":\"https:\/\/arquitectura.udd.cl\/cic\/conecta-santiago\/#primaryimage\"},\"image\":{\"@id\":\"https:\/\/arquitectura.udd.cl\/cic\/conecta-santiago\/#primaryimage\"},\"thumbnailUrl\":\"https:\/\/arquitectura.udd.cl\/cic\/files\/2024\/08\/mg_1282-scaled.jpg\",\"datePublished\":\"2024-08-26T16:25:30+00:00\",\"dateModified\":\"2024-09-02T16:11:50+00:00\",\"breadcrumb\":{\"@id\":\"https:\/\/arquitectura.udd.cl\/cic\/conecta-santiago\/#breadcrumb\"},\"inLanguage\":\"es\",\"potentialAction\":[{\"@type\":\"ReadAction\",\"target\":[\"https:\/\/arquitectura.udd.cl\/cic\/conecta-santiago\/\"]}]},{\"@type\":\"ImageObject\",\"inLanguage\":\"es\",\"@id\":\"https:\/\/arquitectura.udd.cl\/cic\/conecta-santiago\/#primaryimage\",\"url\":\"https:\/\/arquitectura.udd.cl\/cic\/files\/2024\/08\/mg_1282-scaled.jpg\",\"contentUrl\":\"https:\/\/arquitectura.udd.cl\/cic\/files\/2024\/08\/mg_1282-scaled.jpg\",\"width\":2560,\"height\":1437},{\"@type\":\"BreadcrumbList\",\"@id\":\"https:\/\/arquitectura.udd.cl\/cic\/conecta-santiago\/#breadcrumb\",\"itemListElement\":[{\"@type\":\"ListItem\",\"position\":1,\"name\":\"Portada\",\"item\":\"https:\/\/arquitectura.udd.cl\/cic\/\"},{\"@type\":\"ListItem\",\"position\":2,\"name\":\"Conecta Santiago\"}]},{\"@type\":\"WebSite\",\"@id\":\"https:\/\/arquitectura.udd.cl\/cic\/#website\",\"url\":\"https:\/\/arquitectura.udd.cl\/cic\/\",\"name\":\"Centro de Innovaci\u00f3n en Ciudades UDD\",\"description\":\"\",\"inLanguage\":\"es\"}]}<\/script>\n<!-- \/ Yoast SEO plugin. -->","yoast_head_json":{"title":"Conecta Santiago - Centro de Innovaci\u00f3n en Ciudades UDD","robots":{"index":"index","follow":"follow","max-snippet":"max-snippet:-1","max-image-preview":"max-image-preview:large","max-video-preview":"max-video-preview:-1"},"canonical":"https:\/\/arquitectura.udd.cl\/cic\/conecta-santiago\/","og_locale":"es_ES","og_type":"article","og_title":"Conecta Santiago - Centro de Innovaci\u00f3n en Ciudades UDD","og_description":"Programa de Formaci\u00f3n Proyecto financiado por el Fondo de Innovaci\u00f3n para la Competitividad (FIC-R) del Gobierno de Santiago y ejecutado por el Centro de Innovaci\u00f3n en Ciudades UDD.","og_url":"https:\/\/arquitectura.udd.cl\/cic\/conecta-santiago\/","og_site_name":"Centro de Innovaci\u00f3n en Ciudades UDD","article_modified_time":"2024-09-02T16:11:50+00:00","og_image":[{"url":"https:\/\/arquitectura.udd.cl\/cic\/files\/2024\/08\/mg_1282-scaled.jpg","type":"","width":"","height":""}],"twitter_card":"summary_large_image","twitter_misc":{"Tiempo de lectura":"3 minutos"},"schema":{"@context":"https:\/\/schema.org","@graph":[{"@type":"WebPage","@id":"https:\/\/arquitectura.udd.cl\/cic\/conecta-santiago\/","url":"https:\/\/arquitectura.udd.cl\/cic\/conecta-santiago\/","name":"Conecta Santiago - Centro de Innovaci\u00f3n en Ciudades UDD","isPartOf":{"@id":"https:\/\/arquitectura.udd.cl\/cic\/#website"},"primaryImageOfPage":{"@id":"https:\/\/arquitectura.udd.cl\/cic\/conecta-santiago\/#primaryimage"},"image":{"@id":"https:\/\/arquitectura.udd.cl\/cic\/conecta-santiago\/#primaryimage"},"thumbnailUrl":"https:\/\/arquitectura.udd.cl\/cic\/files\/2024\/08\/mg_1282-scaled.jpg","datePublished":"2024-08-26T16:25:30+00:00","dateModified":"2024-09-02T16:11:50+00:00","breadcrumb":{"@id":"https:\/\/arquitectura.udd.cl\/cic\/conecta-santiago\/#breadcrumb"},"inLanguage":"es","potentialAction":[{"@type":"ReadAction","target":["https:\/\/arquitectura.udd.cl\/cic\/conecta-santiago\/"]}]},{"@type":"ImageObject","inLanguage":"es","@id":"https:\/\/arquitectura.udd.cl\/cic\/conecta-santiago\/#primaryimage","url":"https:\/\/arquitectura.udd.cl\/cic\/files\/2024\/08\/mg_1282-scaled.jpg","contentUrl":"https:\/\/arquitectura.udd.cl\/cic\/files\/2024\/08\/mg_1282-scaled.jpg","width":2560,"height":1437},{"@type":"BreadcrumbList","@id":"https:\/\/arquitectura.udd.cl\/cic\/conecta-santiago\/#breadcrumb","itemListElement":[{"@type":"ListItem","position":1,"name":"Portada","item":"https:\/\/arquitectura.udd.cl\/cic\/"},{"@type":"ListItem","position":2,"name":"Conecta Santiago"}]},{"@type":"WebSite","@id":"https:\/\/arquitectura.udd.cl\/cic\/#website","url":"https:\/\/arquitectura.udd.cl\/cic\/","name":"Centro de Innovaci\u00f3n en Ciudades UDD","description":"","inLanguage":"es"}]}},"_links":{"self":[{"href":"https:\/\/arquitectura.udd.cl\/cic\/wp-json\/wp\/v2\/pages\/1465","targetHints":{"allow":["GET"]}}],"collection":[{"href":"https:\/\/arquitectura.udd.cl\/cic\/wp-json\/wp\/v2\/pages"}],"about":[{"href":"https:\/\/arquitectura.udd.cl\/cic\/wp-json\/wp\/v2\/types\/page"}],"author":[{"embeddable":true,"href":"https:\/\/arquitectura.udd.cl\/cic\/wp-json\/wp\/v2\/users\/9192204"}],"replies":[{"embeddable":true,"href":"https:\/\/arquitectura.udd.cl\/cic\/wp-json\/wp\/v2\/comments?post=1465"}],"version-history":[{"count":30,"href":"https:\/\/arquitectura.udd.cl\/cic\/wp-json\/wp\/v2\/pages\/1465\/revisions"}],"predecessor-version":[{"id":1588,"href":"https:\/\/arquitectura.udd.cl\/cic\/wp-json\/wp\/v2\/pages\/1465\/revisions\/1588"}],"wp:attachment":[{"href":"https:\/\/arquitectura.udd.cl\/cic\/wp-json\/wp\/v2\/media?parent=1465"}],"curies":[{"name":"wp","href":"https:\/\/api.w.org\/{rel}","templated":true}]}}