{"id":140,"date":"2021-11-24T17:24:35","date_gmt":"2021-11-24T16:24:35","guid":{"rendered":"https:\/\/arquitectura.udd.cl\/cic\/?page_id=140"},"modified":"2023-01-24T15:54:15","modified_gmt":"2023-01-24T14:54:15","slug":"nuevas-economias-metropolitanas","status":"publish","type":"page","link":"https:\/\/arquitectura.udd.cl\/cic\/nuevas-economias-metropolitanas\/","title":{"rendered":"Nuevas Econom\u00edas Metropolitanas"},"content":{"rendered":"<section class=\"wp-block-udd-text-row\">\n\t<div class=\"text-row\">\n\t\t<div class=\"text-row__content\">\n\t\t\t<div class=\"text-row__content-inner text\">\n\t\t\t\t\t\t\t\t\n<p>  Existe un enorme potencial en Chile para fortalecer, aprovechar y conducir la capacidad innovadora de las Pymes TIC, empresas formadas por personas de gran capacidad t\u00e9cnica, mentalidad innovadora y esfuerzo emprendedor. Paralelamente, nos enfrentamos a nuevos desaf\u00edos a nivel global, que requieren respuestas locales eficientes, capaces de involucrar a los principales actores de todo sistema: la ciudadan\u00eda. Esta iniciativa est\u00e1 orientada a crear de un espacio de encuentro colaborativo, innovaci\u00f3n y aprendizaje con las PYMES TIC y la ciudadan\u00eda, que haga posible la ideaci\u00f3n, creaci\u00f3n y desarrollo de soluciones tecnol\u00f3gicas que apoyen la implementaci\u00f3n de nuevos sistemas econ\u00f3micos en la Regi\u00f3n Metropolitana.   <\/p>\n\t\t\t<\/div>\n\t\t<\/div>\n\t\t<div class=\"text-row__media\">\n\t\t\t<img loading=\"lazy\" decoding=\"async\" width=\"952\" height=\"534\" src=\"https:\/\/arquitectura.udd.cl\/cic\/files\/2021\/11\/4164361294914243079_IMG_1594-680x382.jpg\" class=\"text-row__media-image lazyload\" alt=\"\" sizes=\"auto, (max-width: 952px) 100vw, 952px\" data-src=\"https:\/\/arquitectura.udd.cl\/cic\/files\/2021\/11\/4164361294914243079_IMG_1594-952x534.jpg\" data-srcset=\"https:\/\/arquitectura.udd.cl\/cic\/files\/2021\/11\/4164361294914243079_IMG_1594-952x534.jpg 952w, https:\/\/arquitectura.udd.cl\/cic\/files\/2021\/11\/4164361294914243079_IMG_1594-1366x768.jpg 1366w, https:\/\/arquitectura.udd.cl\/cic\/files\/2021\/11\/4164361294914243079_IMG_1594-680x382.jpg 680w\" \/>\t\t<\/div>\n\t<\/div>\n<\/section>\n\n\n<section class=\"wp-block-udd-text-row block--content-align-right\">\n\t<div class=\"text-row\">\n\t\t<div class=\"text-row__content\">\n\t\t\t<div class=\"text-row__content-inner text\">\n\t\t\t\t\t\t\t\t\n<p> Espec\u00edficamente <strong>busca entregar un espacio para desarrollar I+D+i a las Pymes TIC<\/strong> que por s\u00ed solas no tienen posibilidad de hacerlo, transfiriendo conocimientos desde la academia a las Pymes TIC de la regi\u00f3n en materias de econom\u00eda circular y econom\u00edas colaborativas, para apoyar la creaci\u00f3n de herramientas digitales locales capaces de apoyar una transformaci\u00f3n econ\u00f3mica desde las personas, fomentando la cooperaci\u00f3n entre empresas del rubro y promoviendo la creaci\u00f3n local de innovaci\u00f3n con potencial impacto global. <\/p>\n\t\t\t<\/div>\n\t\t<\/div>\n\t\t<div class=\"text-row__media\">\n\t\t\t<img loading=\"lazy\" decoding=\"async\" width=\"952\" height=\"534\" src=\"https:\/\/arquitectura.udd.cl\/cic\/files\/2021\/11\/2890736017235029628_IMG_1623-680x382.jpg\" class=\"text-row__media-image lazyload\" alt=\"\" sizes=\"auto, (max-width: 952px) 100vw, 952px\" data-src=\"https:\/\/arquitectura.udd.cl\/cic\/files\/2021\/11\/2890736017235029628_IMG_1623-952x534.jpg\" data-srcset=\"https:\/\/arquitectura.udd.cl\/cic\/files\/2021\/11\/2890736017235029628_IMG_1623-952x534.jpg 952w, https:\/\/arquitectura.udd.cl\/cic\/files\/2021\/11\/2890736017235029628_IMG_1623-1366x768.jpg 1366w, https:\/\/arquitectura.udd.cl\/cic\/files\/2021\/11\/2890736017235029628_IMG_1623-680x382.jpg 680w\" \/>\t\t<\/div>\n\t<\/div>\n<\/section>\n\n\n<section class=\"wp-block-udd-text-row\">\n\t<div class=\"text-row\">\n\t\t<div class=\"text-row__content\">\n\t\t\t<div class=\"text-row__content-inner text\">\n\t\t\t\t\t\t\t\t\n<p> El <strong>Fondo de Innovaci\u00f3n para la Competitividad (FIC)<\/strong> es el Fondo Regional destinado a las universidades y centros I+D, para que desarrollen investigaci\u00f3n aplicada y beneficien directamente a las PYMEs mediante la transferencia de conocimiento, lo que debe traducirse en fomentar y potenciar la innovaci\u00f3n en este sector econ\u00f3mico. El Gobierno Regional Metropolitano es la entidad responsable de la ejecuci\u00f3n de los recursos FIC, en concordancia con las orientaciones de inversi\u00f3n dadas por la Estrategia Regional de Innovaci\u00f3n (ERI). <strong>\u201cTRANSFORMACI\u00d3N TECNOL\u00d3GICA PARA NUEVAS ECONOM\u00cdAS METROPOLITANA\u201d<\/strong>, es un proyecto adjudicado al Centro de Innovaci\u00f3n en Ciudades de la Universidad del Desarrollo, financiado por el Fondo de Innovaci\u00f3n para la Competitividad 2019 (FIC-R 2019) <\/p>\n\t\t\t<\/div>\n\t\t<\/div>\n\t\t<div class=\"text-row__media\">\n\t\t\t<img loading=\"lazy\" decoding=\"async\" width=\"952\" height=\"534\" src=\"https:\/\/arquitectura.udd.cl\/cic\/files\/2021\/11\/8695197597846738727_IMG_1528-680x382.jpg\" class=\"text-row__media-image lazyload\" alt=\"\" sizes=\"auto, (max-width: 952px) 100vw, 952px\" data-src=\"https:\/\/arquitectura.udd.cl\/cic\/files\/2021\/11\/8695197597846738727_IMG_1528-952x534.jpg\" data-srcset=\"https:\/\/arquitectura.udd.cl\/cic\/files\/2021\/11\/8695197597846738727_IMG_1528-952x534.jpg 952w, https:\/\/arquitectura.udd.cl\/cic\/files\/2021\/11\/8695197597846738727_IMG_1528-680x382.jpg 680w\" \/>\t\t<\/div>\n\t<\/div>\n<\/section>\n\n\n<section class=\"wp-block-udd-featured-link block--bg-gray\">\n\t<div class=\"container\">\n\t\t<div class=\"featured-link\">\n\t\t\t\t\t\t<div class=\"featured-link__media\">\n\t\t\t<a href=\"https:\/\/arquitectura.udd.cl\/cic\/proyectos-seleccionados-y-ganadores\/\" data-url=\"https:\/\/arquitectura.udd.cl\/cic\/proyectos-seleccionados-y-ganadores\/\">\n\t\t\t\t\t<img loading=\"lazy\" decoding=\"async\" width=\"680\" height=\"382\" src=\"https:\/\/arquitectura.udd.cl\/cic\/files\/2021\/12\/IMG_6547-680x382.jpg\" class=\"featured-link__media-image lazyload\" alt=\"\" sizes=\"auto, (max-width: 680px) 100vw, 680px\" data-src=\"https:\/\/arquitectura.udd.cl\/cic\/files\/2021\/12\/IMG_6547-680x382.jpg\" data-srcset=\"https:\/\/arquitectura.udd.cl\/cic\/files\/2021\/12\/IMG_6547-680x382.jpg 680w, https:\/\/arquitectura.udd.cl\/cic\/files\/2021\/12\/IMG_6547-1920x1080.jpg 1920w, https:\/\/arquitectura.udd.cl\/cic\/files\/2021\/12\/IMG_6547-1366x768.jpg 1366w, https:\/\/arquitectura.udd.cl\/cic\/files\/2021\/12\/IMG_6547-952x534.jpg 952w\" \/>\t\t\t\t<\/a>\n\t\t\t<\/div>\n\t\t\t\t\t\t<div class=\"featured-link__content\">\n\t\t\t\t\t\t\t\t\t\t\t\t\t<h3 class=\"featured-link__title\">\n\t\t\t\t\t\t<a data-url=\"https:\/\/arquitectura.udd.cl\/cic\/proyectos-seleccionados-y-ganadores\/\" href=\"https:\/\/arquitectura.udd.cl\/cic\/proyectos-seleccionados-y-ganadores\/\">\n\t\t\t\t\t\t\tProyectos seleccionados y ganadores\t\t\t\t\t\t<\/a>\n\t\t\t\t\t<\/h3>\n\t\t\t\t\t\t\t\t\t\t\t\t\t\t\t\t\t\t\t\t<a href=\"https:\/\/arquitectura.udd.cl\/cic\/proyectos-seleccionados-y-ganadores\/\" data-url=\"https:\/\/arquitectura.udd.cl\/cic\/proyectos-seleccionados-y-ganadores\/\"\n\t\t\t\t\t class=\"featured-link__more\"\t\t\t\t>\n\t\t\t\t\tConocer m\u00e1s sobre los pymes de Nuevas Econom\u00edas Metropolitanas\t\t\t\t<\/a>\n\t\t\t\t\t\t\t<\/div>\n\t\t<\/div>\n\t<\/div>\n<\/section>\n","protected":false},"excerpt":{"rendered":"","protected":false},"author":9192204,"featured_media":0,"parent":0,"menu_order":0,"comment_status":"closed","ping_status":"closed","template":"","meta":{"footnotes":""},"class_list":["post-140","page","type-page","status-publish","hentry"],"yoast_head":"<!-- This site is optimized with the Yoast SEO plugin v26.9 - https:\/\/yoast.com\/product\/yoast-seo-wordpress\/ -->\n<title>Nuevas Econom\u00edas Metropolitanas - Centro de Innovaci\u00f3n en Ciudades UDD<\/title>\n<meta name=\"robots\" content=\"index, follow, max-snippet:-1, max-image-preview:large, max-video-preview:-1\" \/>\n<link rel=\"canonical\" href=\"https:\/\/arquitectura.udd.cl\/cic\/nuevas-economias-metropolitanas\/\" \/>\n<meta property=\"og:locale\" content=\"es_ES\" \/>\n<meta property=\"og:type\" content=\"article\" \/>\n<meta property=\"og:title\" content=\"Nuevas Econom\u00edas Metropolitanas - Centro de Innovaci\u00f3n en Ciudades UDD\" \/>\n<meta property=\"og:url\" content=\"https:\/\/arquitectura.udd.cl\/cic\/nuevas-economias-metropolitanas\/\" \/>\n<meta property=\"og:site_name\" content=\"Centro de Innovaci\u00f3n en Ciudades UDD\" \/>\n<meta property=\"article:modified_time\" content=\"2023-01-24T14:54:15+00:00\" \/>\n<meta property=\"og:image\" content=\"https:\/\/arquitectura.udd.cl\/cic\/files\/2021\/11\/4164361294914243079_IMG_1594-scaled.jpg\" \/>\n<meta name=\"twitter:card\" content=\"summary_large_image\" \/>\n<meta name=\"twitter:label1\" content=\"Tiempo de lectura\" \/>\n\t<meta name=\"twitter:data1\" content=\"2 minutos\" \/>\n<script type=\"application\/ld+json\" class=\"yoast-schema-graph\">{\"@context\":\"https:\/\/schema.org\",\"@graph\":[{\"@type\":\"WebPage\",\"@id\":\"https:\/\/arquitectura.udd.cl\/cic\/nuevas-economias-metropolitanas\/\",\"url\":\"https:\/\/arquitectura.udd.cl\/cic\/nuevas-economias-metropolitanas\/\",\"name\":\"Nuevas Econom\u00edas Metropolitanas - Centro de Innovaci\u00f3n en Ciudades UDD\",\"isPartOf\":{\"@id\":\"https:\/\/arquitectura.udd.cl\/cic\/#website\"},\"primaryImageOfPage\":{\"@id\":\"https:\/\/arquitectura.udd.cl\/cic\/nuevas-economias-metropolitanas\/#primaryimage\"},\"image\":{\"@id\":\"https:\/\/arquitectura.udd.cl\/cic\/nuevas-economias-metropolitanas\/#primaryimage\"},\"thumbnailUrl\":\"https:\/\/arquitectura.udd.cl\/cic\/files\/2021\/11\/4164361294914243079_IMG_1594-scaled.jpg\",\"datePublished\":\"2021-11-24T16:24:35+00:00\",\"dateModified\":\"2023-01-24T14:54:15+00:00\",\"breadcrumb\":{\"@id\":\"https:\/\/arquitectura.udd.cl\/cic\/nuevas-economias-metropolitanas\/#breadcrumb\"},\"inLanguage\":\"es\",\"potentialAction\":[{\"@type\":\"ReadAction\",\"target\":[\"https:\/\/arquitectura.udd.cl\/cic\/nuevas-economias-metropolitanas\/\"]}]},{\"@type\":\"ImageObject\",\"inLanguage\":\"es\",\"@id\":\"https:\/\/arquitectura.udd.cl\/cic\/nuevas-economias-metropolitanas\/#primaryimage\",\"url\":\"https:\/\/arquitectura.udd.cl\/cic\/files\/2021\/11\/4164361294914243079_IMG_1594-scaled.jpg\",\"contentUrl\":\"https:\/\/arquitectura.udd.cl\/cic\/files\/2021\/11\/4164361294914243079_IMG_1594-scaled.jpg\",\"width\":2560,\"height\":1707},{\"@type\":\"BreadcrumbList\",\"@id\":\"https:\/\/arquitectura.udd.cl\/cic\/nuevas-economias-metropolitanas\/#breadcrumb\",\"itemListElement\":[{\"@type\":\"ListItem\",\"position\":1,\"name\":\"Portada\",\"item\":\"https:\/\/arquitectura.udd.cl\/cic\/\"},{\"@type\":\"ListItem\",\"position\":2,\"name\":\"Nuevas Econom\u00edas Metropolitanas\"}]},{\"@type\":\"WebSite\",\"@id\":\"https:\/\/arquitectura.udd.cl\/cic\/#website\",\"url\":\"https:\/\/arquitectura.udd.cl\/cic\/\",\"name\":\"Centro de Innovaci\u00f3n en Ciudades UDD\",\"description\":\"\",\"inLanguage\":\"es\"}]}<\/script>\n<!-- \/ Yoast SEO plugin. -->","yoast_head_json":{"title":"Nuevas Econom\u00edas Metropolitanas - Centro de Innovaci\u00f3n en Ciudades UDD","robots":{"index":"index","follow":"follow","max-snippet":"max-snippet:-1","max-image-preview":"max-image-preview:large","max-video-preview":"max-video-preview:-1"},"canonical":"https:\/\/arquitectura.udd.cl\/cic\/nuevas-economias-metropolitanas\/","og_locale":"es_ES","og_type":"article","og_title":"Nuevas Econom\u00edas Metropolitanas - Centro de Innovaci\u00f3n en Ciudades UDD","og_url":"https:\/\/arquitectura.udd.cl\/cic\/nuevas-economias-metropolitanas\/","og_site_name":"Centro de Innovaci\u00f3n en Ciudades UDD","article_modified_time":"2023-01-24T14:54:15+00:00","og_image":[{"url":"https:\/\/arquitectura.udd.cl\/cic\/files\/2021\/11\/4164361294914243079_IMG_1594-scaled.jpg","type":"","width":"","height":""}],"twitter_card":"summary_large_image","twitter_misc":{"Tiempo de lectura":"2 minutos"},"schema":{"@context":"https:\/\/schema.org","@graph":[{"@type":"WebPage","@id":"https:\/\/arquitectura.udd.cl\/cic\/nuevas-economias-metropolitanas\/","url":"https:\/\/arquitectura.udd.cl\/cic\/nuevas-economias-metropolitanas\/","name":"Nuevas Econom\u00edas Metropolitanas - Centro de Innovaci\u00f3n en Ciudades UDD","isPartOf":{"@id":"https:\/\/arquitectura.udd.cl\/cic\/#website"},"primaryImageOfPage":{"@id":"https:\/\/arquitectura.udd.cl\/cic\/nuevas-economias-metropolitanas\/#primaryimage"},"image":{"@id":"https:\/\/arquitectura.udd.cl\/cic\/nuevas-economias-metropolitanas\/#primaryimage"},"thumbnailUrl":"https:\/\/arquitectura.udd.cl\/cic\/files\/2021\/11\/4164361294914243079_IMG_1594-scaled.jpg","datePublished":"2021-11-24T16:24:35+00:00","dateModified":"2023-01-24T14:54:15+00:00","breadcrumb":{"@id":"https:\/\/arquitectura.udd.cl\/cic\/nuevas-economias-metropolitanas\/#breadcrumb"},"inLanguage":"es","potentialAction":[{"@type":"ReadAction","target":["https:\/\/arquitectura.udd.cl\/cic\/nuevas-economias-metropolitanas\/"]}]},{"@type":"ImageObject","inLanguage":"es","@id":"https:\/\/arquitectura.udd.cl\/cic\/nuevas-economias-metropolitanas\/#primaryimage","url":"https:\/\/arquitectura.udd.cl\/cic\/files\/2021\/11\/4164361294914243079_IMG_1594-scaled.jpg","contentUrl":"https:\/\/arquitectura.udd.cl\/cic\/files\/2021\/11\/4164361294914243079_IMG_1594-scaled.jpg","width":2560,"height":1707},{"@type":"BreadcrumbList","@id":"https:\/\/arquitectura.udd.cl\/cic\/nuevas-economias-metropolitanas\/#breadcrumb","itemListElement":[{"@type":"ListItem","position":1,"name":"Portada","item":"https:\/\/arquitectura.udd.cl\/cic\/"},{"@type":"ListItem","position":2,"name":"Nuevas Econom\u00edas Metropolitanas"}]},{"@type":"WebSite","@id":"https:\/\/arquitectura.udd.cl\/cic\/#website","url":"https:\/\/arquitectura.udd.cl\/cic\/","name":"Centro de Innovaci\u00f3n en Ciudades UDD","description":"","inLanguage":"es"}]}},"_links":{"self":[{"href":"https:\/\/arquitectura.udd.cl\/cic\/wp-json\/wp\/v2\/pages\/140","targetHints":{"allow":["GET"]}}],"collection":[{"href":"https:\/\/arquitectura.udd.cl\/cic\/wp-json\/wp\/v2\/pages"}],"about":[{"href":"https:\/\/arquitectura.udd.cl\/cic\/wp-json\/wp\/v2\/types\/page"}],"author":[{"embeddable":true,"href":"https:\/\/arquitectura.udd.cl\/cic\/wp-json\/wp\/v2\/users\/9192204"}],"replies":[{"embeddable":true,"href":"https:\/\/arquitectura.udd.cl\/cic\/wp-json\/wp\/v2\/comments?post=140"}],"version-history":[{"count":24,"href":"https:\/\/arquitectura.udd.cl\/cic\/wp-json\/wp\/v2\/pages\/140\/revisions"}],"predecessor-version":[{"id":942,"href":"https:\/\/arquitectura.udd.cl\/cic\/wp-json\/wp\/v2\/pages\/140\/revisions\/942"}],"wp:attachment":[{"href":"https:\/\/arquitectura.udd.cl\/cic\/wp-json\/wp\/v2\/media?parent=140"}],"curies":[{"name":"wp","href":"https:\/\/api.w.org\/{rel}","templated":true}]}}