{"id":1135,"date":"2023-03-13T22:35:45","date_gmt":"2023-03-13T21:35:45","guid":{"rendered":"https:\/\/arquitectura.udd.cl\/cic\/?page_id=1135"},"modified":"2023-03-15T18:26:45","modified_gmt":"2023-03-15T17:26:45","slug":"santiago-humano-y-resiliente","status":"publish","type":"page","link":"https:\/\/arquitectura.udd.cl\/cic\/santiago-humano-y-resiliente\/","title":{"rendered":"Santiago Humano y Resiliente"},"content":{"rendered":"\n<p>El <strong>CIC <\/strong>lider\u00f3 la coordinaci\u00f3n de la profundizaci\u00f3n tem\u00e1tica acad\u00e9mica de la Estrategia de Resiliencia de la Regi\u00f3n Metropolitana, recolectando y sintetizando la investigaci\u00f3n desarrollada durante los \u00faltimos a\u00f1os.<\/p>\n\n\n\n<figure class=\"wp-block-image size-full is-resized\"><img loading=\"lazy\" decoding=\"async\" src=\"https:\/\/arquitectura.udd.cl\/cic\/files\/2021\/12\/Imagen13.jpg\" alt=\"\" class=\"wp-image-386\" width=\"540\" height=\"515\" srcset=\"https:\/\/arquitectura.udd.cl\/cic\/files\/2021\/12\/Imagen13.jpg 540w, https:\/\/arquitectura.udd.cl\/cic\/files\/2021\/12\/Imagen13-300x286.jpg 300w\" sizes=\"auto, (max-width: 540px) 100vw, 540px\" \/><\/figure>\n\n\n<!-- WP Block: UDD - Disposable -->\n<section\n\tdata-sps-offset=\"100\"\n\tid=\"udd-disposable--1--1135\"\n\tclass=\"wp-block-udd-disposable udd-notice disposable-block \"\n>\n\t<div class=\"container\">\n\t\t<div\n\t\t\tclass=\"udd-notice__header \"\n\t\t\tstyle=\"background-color: \"\n\t\t>\n\t\t\t\t\t\t<span class=\"udd-notice__header-label\">Libro<\/span>\n\t\t<\/div>\n\t\t<div\n\t\t\tclass=\"udd-notice__content\"\n\t\t\tstyle=\"background-color: \"\n\t\t>\n\t\t\t<a href=\"https:\/\/arquitectura.udd.cl\/cic\/files\/2023\/03\/santiago-humano-y-resiliente-unamirada-desde-la-academia-version-digital.pdf\" target=\"_blank\">Link de descarga<\/a>\t\t<\/div>\n\t\t\t<\/div>\n<\/section>\n","protected":false},"excerpt":{"rendered":"<p>El CIC lider\u00f3 la coordinaci\u00f3n de la profundizaci\u00f3n tem\u00e1tica acad\u00e9mica de la Estrategia de Resiliencia de la Regi\u00f3n Metropolitana, recolectando y sintetizando la investigaci\u00f3n desarrollada durante los \u00faltimos a\u00f1os.<\/p>\n","protected":false},"author":9192204,"featured_media":0,"parent":0,"menu_order":0,"comment_status":"closed","ping_status":"closed","template":"","meta":{"footnotes":""},"class_list":["post-1135","page","type-page","status-publish","hentry"],"yoast_head":"<!-- This site is optimized with the Yoast SEO plugin v26.9 - https:\/\/yoast.com\/product\/yoast-seo-wordpress\/ -->\n<title>Santiago Humano y Resiliente - Centro de Innovaci\u00f3n en Ciudades UDD<\/title>\n<meta name=\"robots\" content=\"index, follow, max-snippet:-1, max-image-preview:large, max-video-preview:-1\" \/>\n<link rel=\"canonical\" href=\"https:\/\/arquitectura.udd.cl\/cic\/santiago-humano-y-resiliente\/\" \/>\n<meta property=\"og:locale\" content=\"es_ES\" \/>\n<meta property=\"og:type\" content=\"article\" \/>\n<meta property=\"og:title\" content=\"Santiago Humano y Resiliente - Centro de Innovaci\u00f3n en Ciudades UDD\" \/>\n<meta property=\"og:description\" content=\"El CIC lider\u00f3 la coordinaci\u00f3n de la profundizaci\u00f3n tem\u00e1tica acad\u00e9mica de la Estrategia de Resiliencia de la Regi\u00f3n Metropolitana, recolectando y sintetizando la investigaci\u00f3n desarrollada durante los \u00faltimos a\u00f1os.\" \/>\n<meta property=\"og:url\" content=\"https:\/\/arquitectura.udd.cl\/cic\/santiago-humano-y-resiliente\/\" \/>\n<meta property=\"og:site_name\" content=\"Centro de Innovaci\u00f3n en Ciudades UDD\" \/>\n<meta property=\"article:modified_time\" content=\"2023-03-15T17:26:45+00:00\" \/>\n<meta property=\"og:image\" content=\"https:\/\/arquitectura.udd.cl\/cic\/files\/2021\/12\/Imagen13.jpg\" \/>\n<meta name=\"twitter:card\" content=\"summary_large_image\" \/>\n<meta name=\"twitter:label1\" content=\"Tiempo de lectura\" \/>\n\t<meta name=\"twitter:data1\" content=\"1 minuto\" \/>\n<script type=\"application\/ld+json\" class=\"yoast-schema-graph\">{\"@context\":\"https:\/\/schema.org\",\"@graph\":[{\"@type\":\"WebPage\",\"@id\":\"https:\/\/arquitectura.udd.cl\/cic\/santiago-humano-y-resiliente\/\",\"url\":\"https:\/\/arquitectura.udd.cl\/cic\/santiago-humano-y-resiliente\/\",\"name\":\"Santiago Humano y Resiliente - Centro de Innovaci\u00f3n en Ciudades UDD\",\"isPartOf\":{\"@id\":\"https:\/\/arquitectura.udd.cl\/cic\/#website\"},\"primaryImageOfPage\":{\"@id\":\"https:\/\/arquitectura.udd.cl\/cic\/santiago-humano-y-resiliente\/#primaryimage\"},\"image\":{\"@id\":\"https:\/\/arquitectura.udd.cl\/cic\/santiago-humano-y-resiliente\/#primaryimage\"},\"thumbnailUrl\":\"https:\/\/arquitectura.udd.cl\/cic\/files\/2021\/12\/Imagen13.jpg\",\"datePublished\":\"2023-03-13T21:35:45+00:00\",\"dateModified\":\"2023-03-15T17:26:45+00:00\",\"breadcrumb\":{\"@id\":\"https:\/\/arquitectura.udd.cl\/cic\/santiago-humano-y-resiliente\/#breadcrumb\"},\"inLanguage\":\"es\",\"potentialAction\":[{\"@type\":\"ReadAction\",\"target\":[\"https:\/\/arquitectura.udd.cl\/cic\/santiago-humano-y-resiliente\/\"]}]},{\"@type\":\"ImageObject\",\"inLanguage\":\"es\",\"@id\":\"https:\/\/arquitectura.udd.cl\/cic\/santiago-humano-y-resiliente\/#primaryimage\",\"url\":\"https:\/\/arquitectura.udd.cl\/cic\/files\/2021\/12\/Imagen13.jpg\",\"contentUrl\":\"https:\/\/arquitectura.udd.cl\/cic\/files\/2021\/12\/Imagen13.jpg\",\"width\":540,\"height\":515},{\"@type\":\"BreadcrumbList\",\"@id\":\"https:\/\/arquitectura.udd.cl\/cic\/santiago-humano-y-resiliente\/#breadcrumb\",\"itemListElement\":[{\"@type\":\"ListItem\",\"position\":1,\"name\":\"Portada\",\"item\":\"https:\/\/arquitectura.udd.cl\/cic\/\"},{\"@type\":\"ListItem\",\"position\":2,\"name\":\"Santiago Humano y Resiliente\"}]},{\"@type\":\"WebSite\",\"@id\":\"https:\/\/arquitectura.udd.cl\/cic\/#website\",\"url\":\"https:\/\/arquitectura.udd.cl\/cic\/\",\"name\":\"Centro de Innovaci\u00f3n en Ciudades UDD\",\"description\":\"\",\"inLanguage\":\"es\"}]}<\/script>\n<!-- \/ Yoast SEO plugin. -->","yoast_head_json":{"title":"Santiago Humano y Resiliente - Centro de Innovaci\u00f3n en Ciudades UDD","robots":{"index":"index","follow":"follow","max-snippet":"max-snippet:-1","max-image-preview":"max-image-preview:large","max-video-preview":"max-video-preview:-1"},"canonical":"https:\/\/arquitectura.udd.cl\/cic\/santiago-humano-y-resiliente\/","og_locale":"es_ES","og_type":"article","og_title":"Santiago Humano y Resiliente - Centro de Innovaci\u00f3n en Ciudades UDD","og_description":"El CIC lider\u00f3 la coordinaci\u00f3n de la profundizaci\u00f3n tem\u00e1tica acad\u00e9mica de la Estrategia de Resiliencia de la Regi\u00f3n Metropolitana, recolectando y sintetizando la investigaci\u00f3n desarrollada durante los \u00faltimos a\u00f1os.","og_url":"https:\/\/arquitectura.udd.cl\/cic\/santiago-humano-y-resiliente\/","og_site_name":"Centro de Innovaci\u00f3n en Ciudades UDD","article_modified_time":"2023-03-15T17:26:45+00:00","og_image":[{"url":"https:\/\/arquitectura.udd.cl\/cic\/files\/2021\/12\/Imagen13.jpg","type":"","width":"","height":""}],"twitter_card":"summary_large_image","twitter_misc":{"Tiempo de lectura":"1 minuto"},"schema":{"@context":"https:\/\/schema.org","@graph":[{"@type":"WebPage","@id":"https:\/\/arquitectura.udd.cl\/cic\/santiago-humano-y-resiliente\/","url":"https:\/\/arquitectura.udd.cl\/cic\/santiago-humano-y-resiliente\/","name":"Santiago Humano y Resiliente - Centro de Innovaci\u00f3n en Ciudades UDD","isPartOf":{"@id":"https:\/\/arquitectura.udd.cl\/cic\/#website"},"primaryImageOfPage":{"@id":"https:\/\/arquitectura.udd.cl\/cic\/santiago-humano-y-resiliente\/#primaryimage"},"image":{"@id":"https:\/\/arquitectura.udd.cl\/cic\/santiago-humano-y-resiliente\/#primaryimage"},"thumbnailUrl":"https:\/\/arquitectura.udd.cl\/cic\/files\/2021\/12\/Imagen13.jpg","datePublished":"2023-03-13T21:35:45+00:00","dateModified":"2023-03-15T17:26:45+00:00","breadcrumb":{"@id":"https:\/\/arquitectura.udd.cl\/cic\/santiago-humano-y-resiliente\/#breadcrumb"},"inLanguage":"es","potentialAction":[{"@type":"ReadAction","target":["https:\/\/arquitectura.udd.cl\/cic\/santiago-humano-y-resiliente\/"]}]},{"@type":"ImageObject","inLanguage":"es","@id":"https:\/\/arquitectura.udd.cl\/cic\/santiago-humano-y-resiliente\/#primaryimage","url":"https:\/\/arquitectura.udd.cl\/cic\/files\/2021\/12\/Imagen13.jpg","contentUrl":"https:\/\/arquitectura.udd.cl\/cic\/files\/2021\/12\/Imagen13.jpg","width":540,"height":515},{"@type":"BreadcrumbList","@id":"https:\/\/arquitectura.udd.cl\/cic\/santiago-humano-y-resiliente\/#breadcrumb","itemListElement":[{"@type":"ListItem","position":1,"name":"Portada","item":"https:\/\/arquitectura.udd.cl\/cic\/"},{"@type":"ListItem","position":2,"name":"Santiago Humano y Resiliente"}]},{"@type":"WebSite","@id":"https:\/\/arquitectura.udd.cl\/cic\/#website","url":"https:\/\/arquitectura.udd.cl\/cic\/","name":"Centro de Innovaci\u00f3n en Ciudades UDD","description":"","inLanguage":"es"}]}},"_links":{"self":[{"href":"https:\/\/arquitectura.udd.cl\/cic\/wp-json\/wp\/v2\/pages\/1135","targetHints":{"allow":["GET"]}}],"collection":[{"href":"https:\/\/arquitectura.udd.cl\/cic\/wp-json\/wp\/v2\/pages"}],"about":[{"href":"https:\/\/arquitectura.udd.cl\/cic\/wp-json\/wp\/v2\/types\/page"}],"author":[{"embeddable":true,"href":"https:\/\/arquitectura.udd.cl\/cic\/wp-json\/wp\/v2\/users\/9192204"}],"replies":[{"embeddable":true,"href":"https:\/\/arquitectura.udd.cl\/cic\/wp-json\/wp\/v2\/comments?post=1135"}],"version-history":[{"count":2,"href":"https:\/\/arquitectura.udd.cl\/cic\/wp-json\/wp\/v2\/pages\/1135\/revisions"}],"predecessor-version":[{"id":1367,"href":"https:\/\/arquitectura.udd.cl\/cic\/wp-json\/wp\/v2\/pages\/1135\/revisions\/1367"}],"wp:attachment":[{"href":"https:\/\/arquitectura.udd.cl\/cic\/wp-json\/wp\/v2\/media?parent=1135"}],"curies":[{"name":"wp","href":"https:\/\/api.w.org\/{rel}","templated":true}]}}