{"id":1124,"date":"2023-03-13T19:13:51","date_gmt":"2023-03-13T18:13:51","guid":{"rendered":"https:\/\/arquitectura.udd.cl\/cic\/?page_id=1124"},"modified":"2023-03-13T19:18:23","modified_gmt":"2023-03-13T18:18:23","slug":"construyendo-gobernanza-metropolitana-el-caso-de-chile","status":"publish","type":"page","link":"https:\/\/arquitectura.udd.cl\/cic\/construyendo-gobernanza-metropolitana-el-caso-de-chile\/","title":{"rendered":"Construyendo Gobernanza Metropolitana: El caso de Chile"},"content":{"rendered":"\n<p>El <strong>CIC <\/strong>realiz\u00f3 la edici\u00f3n de contenidos de las agendas para las cuatro \u00e1reas metropolitanas piloto del BID en Chile, generando adem\u00e1s la s\u00edntesis gr\u00e1fica para la publicaci\u00f3n.<\/p>\n\n\n\n<figure class=\"wp-block-image size-full\"><img loading=\"lazy\" decoding=\"async\" width=\"540\" height=\"515\" src=\"https:\/\/arquitectura.udd.cl\/cic\/files\/2021\/12\/Imagen1.jpg.aa_.jpg\" alt=\"\" class=\"wp-image-429\" srcset=\"https:\/\/arquitectura.udd.cl\/cic\/files\/2021\/12\/Imagen1.jpg.aa_.jpg 540w, https:\/\/arquitectura.udd.cl\/cic\/files\/2021\/12\/Imagen1.jpg.aa_-300x286.jpg 300w\" sizes=\"auto, (max-width: 540px) 100vw, 540px\" \/><\/figure>\n\n\n<!-- WP Block: UDD - Disposable -->\n<section\n\tdata-sps-offset=\"100\"\n\tid=\"udd-disposable--1--1124\"\n\tclass=\"wp-block-udd-disposable udd-notice disposable-block \"\n>\n\t<div class=\"container\">\n\t\t<div\n\t\t\tclass=\"udd-notice__header \"\n\t\t\tstyle=\"background-color: \"\n\t\t>\n\t\t\t\t\t\t<span class=\"udd-notice__header-label\">Libro<\/span>\n\t\t<\/div>\n\t\t<div\n\t\t\tclass=\"udd-notice__content\"\n\t\t\tstyle=\"background-color: \"\n\t\t>\n\t\t\t<a href=\"https:\/\/publications.iadb.org\/es\/construyendo-gobernanza-metropolitana\">Link de descarga<\/a>\t\t<\/div>\n\t\t\t<\/div>\n<\/section>\n","protected":false},"excerpt":{"rendered":"<p>El CIC realiz\u00f3 la edici\u00f3n de contenidos de las agendas para las cuatro \u00e1reas metropolitanas piloto del BID en Chile, generando adem\u00e1s la s\u00edntesis gr\u00e1fica para la publicaci\u00f3n.<\/p>\n","protected":false},"author":9192204,"featured_media":0,"parent":0,"menu_order":0,"comment_status":"closed","ping_status":"closed","template":"","meta":{"footnotes":""},"class_list":["post-1124","page","type-page","status-publish","hentry"],"yoast_head":"<!-- This site is optimized with the Yoast SEO plugin v26.9 - https:\/\/yoast.com\/product\/yoast-seo-wordpress\/ -->\n<title>Construyendo Gobernanza Metropolitana: El caso de Chile - Centro de Innovaci\u00f3n en Ciudades UDD<\/title>\n<meta name=\"robots\" content=\"index, follow, max-snippet:-1, max-image-preview:large, max-video-preview:-1\" \/>\n<link rel=\"canonical\" href=\"https:\/\/arquitectura.udd.cl\/cic\/construyendo-gobernanza-metropolitana-el-caso-de-chile\/\" \/>\n<meta property=\"og:locale\" content=\"es_ES\" \/>\n<meta property=\"og:type\" content=\"article\" \/>\n<meta property=\"og:title\" content=\"Construyendo Gobernanza Metropolitana: El caso de Chile - Centro de Innovaci\u00f3n en Ciudades UDD\" \/>\n<meta property=\"og:description\" content=\"El CIC realiz\u00f3 la edici\u00f3n de contenidos de las agendas para las cuatro \u00e1reas metropolitanas piloto del BID en Chile, generando adem\u00e1s la s\u00edntesis gr\u00e1fica para la publicaci\u00f3n.\" \/>\n<meta property=\"og:url\" content=\"https:\/\/arquitectura.udd.cl\/cic\/construyendo-gobernanza-metropolitana-el-caso-de-chile\/\" \/>\n<meta property=\"og:site_name\" content=\"Centro de Innovaci\u00f3n en Ciudades UDD\" \/>\n<meta property=\"article:modified_time\" content=\"2023-03-13T18:18:23+00:00\" \/>\n<meta property=\"og:image\" content=\"https:\/\/arquitectura.udd.cl\/cic\/files\/2021\/12\/Imagen1.jpg.aa_.jpg\" \/>\n<meta name=\"twitter:card\" content=\"summary_large_image\" \/>\n<meta name=\"twitter:label1\" content=\"Tiempo de lectura\" \/>\n\t<meta name=\"twitter:data1\" content=\"1 minuto\" \/>\n<script type=\"application\/ld+json\" class=\"yoast-schema-graph\">{\"@context\":\"https:\/\/schema.org\",\"@graph\":[{\"@type\":\"WebPage\",\"@id\":\"https:\/\/arquitectura.udd.cl\/cic\/construyendo-gobernanza-metropolitana-el-caso-de-chile\/\",\"url\":\"https:\/\/arquitectura.udd.cl\/cic\/construyendo-gobernanza-metropolitana-el-caso-de-chile\/\",\"name\":\"Construyendo Gobernanza Metropolitana: El caso de Chile - Centro de Innovaci\u00f3n en Ciudades UDD\",\"isPartOf\":{\"@id\":\"https:\/\/arquitectura.udd.cl\/cic\/#website\"},\"primaryImageOfPage\":{\"@id\":\"https:\/\/arquitectura.udd.cl\/cic\/construyendo-gobernanza-metropolitana-el-caso-de-chile\/#primaryimage\"},\"image\":{\"@id\":\"https:\/\/arquitectura.udd.cl\/cic\/construyendo-gobernanza-metropolitana-el-caso-de-chile\/#primaryimage\"},\"thumbnailUrl\":\"https:\/\/arquitectura.udd.cl\/cic\/files\/2021\/12\/Imagen1.jpg.aa_.jpg\",\"datePublished\":\"2023-03-13T18:13:51+00:00\",\"dateModified\":\"2023-03-13T18:18:23+00:00\",\"breadcrumb\":{\"@id\":\"https:\/\/arquitectura.udd.cl\/cic\/construyendo-gobernanza-metropolitana-el-caso-de-chile\/#breadcrumb\"},\"inLanguage\":\"es\",\"potentialAction\":[{\"@type\":\"ReadAction\",\"target\":[\"https:\/\/arquitectura.udd.cl\/cic\/construyendo-gobernanza-metropolitana-el-caso-de-chile\/\"]}]},{\"@type\":\"ImageObject\",\"inLanguage\":\"es\",\"@id\":\"https:\/\/arquitectura.udd.cl\/cic\/construyendo-gobernanza-metropolitana-el-caso-de-chile\/#primaryimage\",\"url\":\"https:\/\/arquitectura.udd.cl\/cic\/files\/2021\/12\/Imagen1.jpg.aa_.jpg\",\"contentUrl\":\"https:\/\/arquitectura.udd.cl\/cic\/files\/2021\/12\/Imagen1.jpg.aa_.jpg\",\"width\":540,\"height\":515},{\"@type\":\"BreadcrumbList\",\"@id\":\"https:\/\/arquitectura.udd.cl\/cic\/construyendo-gobernanza-metropolitana-el-caso-de-chile\/#breadcrumb\",\"itemListElement\":[{\"@type\":\"ListItem\",\"position\":1,\"name\":\"Portada\",\"item\":\"https:\/\/arquitectura.udd.cl\/cic\/\"},{\"@type\":\"ListItem\",\"position\":2,\"name\":\"Construyendo Gobernanza Metropolitana: El caso de Chile\"}]},{\"@type\":\"WebSite\",\"@id\":\"https:\/\/arquitectura.udd.cl\/cic\/#website\",\"url\":\"https:\/\/arquitectura.udd.cl\/cic\/\",\"name\":\"Centro de Innovaci\u00f3n en Ciudades UDD\",\"description\":\"\",\"inLanguage\":\"es\"}]}<\/script>\n<!-- \/ Yoast SEO plugin. -->","yoast_head_json":{"title":"Construyendo Gobernanza Metropolitana: El caso de Chile - Centro de Innovaci\u00f3n en Ciudades UDD","robots":{"index":"index","follow":"follow","max-snippet":"max-snippet:-1","max-image-preview":"max-image-preview:large","max-video-preview":"max-video-preview:-1"},"canonical":"https:\/\/arquitectura.udd.cl\/cic\/construyendo-gobernanza-metropolitana-el-caso-de-chile\/","og_locale":"es_ES","og_type":"article","og_title":"Construyendo Gobernanza Metropolitana: El caso de Chile - Centro de Innovaci\u00f3n en Ciudades UDD","og_description":"El CIC realiz\u00f3 la edici\u00f3n de contenidos de las agendas para las cuatro \u00e1reas metropolitanas piloto del BID en Chile, generando adem\u00e1s la s\u00edntesis gr\u00e1fica para la publicaci\u00f3n.","og_url":"https:\/\/arquitectura.udd.cl\/cic\/construyendo-gobernanza-metropolitana-el-caso-de-chile\/","og_site_name":"Centro de Innovaci\u00f3n en Ciudades UDD","article_modified_time":"2023-03-13T18:18:23+00:00","og_image":[{"url":"https:\/\/arquitectura.udd.cl\/cic\/files\/2021\/12\/Imagen1.jpg.aa_.jpg","type":"","width":"","height":""}],"twitter_card":"summary_large_image","twitter_misc":{"Tiempo de lectura":"1 minuto"},"schema":{"@context":"https:\/\/schema.org","@graph":[{"@type":"WebPage","@id":"https:\/\/arquitectura.udd.cl\/cic\/construyendo-gobernanza-metropolitana-el-caso-de-chile\/","url":"https:\/\/arquitectura.udd.cl\/cic\/construyendo-gobernanza-metropolitana-el-caso-de-chile\/","name":"Construyendo Gobernanza Metropolitana: El caso de Chile - Centro de Innovaci\u00f3n en Ciudades UDD","isPartOf":{"@id":"https:\/\/arquitectura.udd.cl\/cic\/#website"},"primaryImageOfPage":{"@id":"https:\/\/arquitectura.udd.cl\/cic\/construyendo-gobernanza-metropolitana-el-caso-de-chile\/#primaryimage"},"image":{"@id":"https:\/\/arquitectura.udd.cl\/cic\/construyendo-gobernanza-metropolitana-el-caso-de-chile\/#primaryimage"},"thumbnailUrl":"https:\/\/arquitectura.udd.cl\/cic\/files\/2021\/12\/Imagen1.jpg.aa_.jpg","datePublished":"2023-03-13T18:13:51+00:00","dateModified":"2023-03-13T18:18:23+00:00","breadcrumb":{"@id":"https:\/\/arquitectura.udd.cl\/cic\/construyendo-gobernanza-metropolitana-el-caso-de-chile\/#breadcrumb"},"inLanguage":"es","potentialAction":[{"@type":"ReadAction","target":["https:\/\/arquitectura.udd.cl\/cic\/construyendo-gobernanza-metropolitana-el-caso-de-chile\/"]}]},{"@type":"ImageObject","inLanguage":"es","@id":"https:\/\/arquitectura.udd.cl\/cic\/construyendo-gobernanza-metropolitana-el-caso-de-chile\/#primaryimage","url":"https:\/\/arquitectura.udd.cl\/cic\/files\/2021\/12\/Imagen1.jpg.aa_.jpg","contentUrl":"https:\/\/arquitectura.udd.cl\/cic\/files\/2021\/12\/Imagen1.jpg.aa_.jpg","width":540,"height":515},{"@type":"BreadcrumbList","@id":"https:\/\/arquitectura.udd.cl\/cic\/construyendo-gobernanza-metropolitana-el-caso-de-chile\/#breadcrumb","itemListElement":[{"@type":"ListItem","position":1,"name":"Portada","item":"https:\/\/arquitectura.udd.cl\/cic\/"},{"@type":"ListItem","position":2,"name":"Construyendo Gobernanza Metropolitana: El caso de Chile"}]},{"@type":"WebSite","@id":"https:\/\/arquitectura.udd.cl\/cic\/#website","url":"https:\/\/arquitectura.udd.cl\/cic\/","name":"Centro de Innovaci\u00f3n en Ciudades UDD","description":"","inLanguage":"es"}]}},"_links":{"self":[{"href":"https:\/\/arquitectura.udd.cl\/cic\/wp-json\/wp\/v2\/pages\/1124","targetHints":{"allow":["GET"]}}],"collection":[{"href":"https:\/\/arquitectura.udd.cl\/cic\/wp-json\/wp\/v2\/pages"}],"about":[{"href":"https:\/\/arquitectura.udd.cl\/cic\/wp-json\/wp\/v2\/types\/page"}],"author":[{"embeddable":true,"href":"https:\/\/arquitectura.udd.cl\/cic\/wp-json\/wp\/v2\/users\/9192204"}],"replies":[{"embeddable":true,"href":"https:\/\/arquitectura.udd.cl\/cic\/wp-json\/wp\/v2\/comments?post=1124"}],"version-history":[{"count":6,"href":"https:\/\/arquitectura.udd.cl\/cic\/wp-json\/wp\/v2\/pages\/1124\/revisions"}],"predecessor-version":[{"id":1131,"href":"https:\/\/arquitectura.udd.cl\/cic\/wp-json\/wp\/v2\/pages\/1124\/revisions\/1131"}],"wp:attachment":[{"href":"https:\/\/arquitectura.udd.cl\/cic\/wp-json\/wp\/v2\/media?parent=1124"}],"curies":[{"name":"wp","href":"https:\/\/api.w.org\/{rel}","templated":true}]}}