{"id":1121,"date":"2023-03-13T19:07:50","date_gmt":"2023-03-13T18:07:50","guid":{"rendered":"https:\/\/arquitectura.udd.cl\/cic\/?page_id=1121"},"modified":"2024-08-28T04:23:27","modified_gmt":"2024-08-28T02:23:27","slug":"gobernanza","status":"publish","type":"page","link":"https:\/\/arquitectura.udd.cl\/cic\/gobernanza\/","title":{"rendered":"Gobernanza"},"content":{"rendered":"<!-- WP Block: UDD - Banners Multiple -->\n<section class=\"wp-block-udd-banners-multiple \">\n\t<div class=\"container\">\n\t\t\t\t<div class=\"block__content\">\n\t\t\t<div id=\"udd-banners-multiple--1\"\n\t\t\t\t\t\t\t\t>\n\t\t\t\t\t\t\t\t<div class=\"banners\">\n\t\t\t\t\t\t\t\t\t<div class=\"banner-col\n\t\t\t\t\t active\t\t\t\t\t\">\n\t\t\t\t\t\t<a href=\"https:\/\/arquitectura.udd.cl\/cic\/conecta-santiago\/\" class=\"banner banner--multiple\" data-url=\"https:\/\/arquitectura.udd.cl\/cic\/conecta-santiago\/\">\n\t\t\t\t\t\t\t\t\t\t\t\t\t<img loading=\"lazy\" decoding=\"async\" width=\"952\" height=\"534\" src=\"https:\/\/arquitectura.udd.cl\/cic\/files\/2024\/08\/mg_1282-300x168.jpg\" class=\"banner__image lazyload\" alt=\"\" sizes=\"auto, (max-width: 952px) 100vw, 952px\" data-src=\"https:\/\/arquitectura.udd.cl\/cic\/files\/2024\/08\/mg_1282-952x534.jpg\" data-srcset=\"https:\/\/arquitectura.udd.cl\/cic\/files\/2024\/08\/mg_1282-952x534.jpg 952w, https:\/\/arquitectura.udd.cl\/cic\/files\/2024\/08\/mg_1282-300x168.jpg 300w, https:\/\/arquitectura.udd.cl\/cic\/files\/2024\/08\/mg_1282-1024x575.jpg 1024w, https:\/\/arquitectura.udd.cl\/cic\/files\/2024\/08\/mg_1282-768x431.jpg 768w, https:\/\/arquitectura.udd.cl\/cic\/files\/2024\/08\/mg_1282-1536x862.jpg 1536w, https:\/\/arquitectura.udd.cl\/cic\/files\/2024\/08\/mg_1282-2048x1150.jpg 2048w, https:\/\/arquitectura.udd.cl\/cic\/files\/2024\/08\/mg_1282-1366x768.jpg 1366w, https:\/\/arquitectura.udd.cl\/cic\/files\/2024\/08\/mg_1282-680x382.jpg 680w\" \/>\t\t\t\t\t\t\t\t\t\t\t\t\t<div class=\"banner__content\">\n\t\t\t\t\t\t\t\t<span class=\"banner__title\">CONECTA SANTIAGO<\/span>\n\t\t\t\t\t\t\t\t\t\t\t\t\t\t\t\t\t<span class=\"banner__description\">Conecta Santiago busca fortalecer la asociatividad y las capacidades de planificaci\u00f3n de los municipios y fomentar su innovaci\u00f3n, colaboraci\u00f3n e integraci\u00f3n, ofreciendo un espacio de formaci\u00f3n y di\u00e1logo en torno a los desaf\u00edos actuales y futuros de la regi\u00f3n.<\/span>\n\t\t\t\t\t\t\t\t\t\t\t\t\t\t\t\t\t\t\t\t\t\t\t<\/div>\n\t\t\t\t\t\t<\/a>\n\t\t\t\t\t<\/div>\n\t\t\t\t\t\t\t\t\t<div class=\"banner-col\n\t\t\t\t\t\t\t\t\t\t\">\n\t\t\t\t\t\t<a href=\"https:\/\/arquitectura.udd.cl\/cic\/autoridad-metropolitana-de-transportes-y-movilidad\/\" class=\"banner banner--multiple\" data-url=\"https:\/\/arquitectura.udd.cl\/cic\/autoridad-metropolitana-de-transportes-y-movilidad\/\">\n\t\t\t\t\t\t\t\t\t\t\t\t\t<img loading=\"lazy\" decoding=\"async\" width=\"952\" height=\"534\" src=\"https:\/\/arquitectura.udd.cl\/cic\/files\/2023\/01\/cropped-cropped-imagen-general-portada-2-prueba-680x382.jpg\" class=\"banner__image lazyload\" alt=\"\" sizes=\"auto, (max-width: 952px) 100vw, 952px\" data-src=\"https:\/\/arquitectura.udd.cl\/cic\/files\/2023\/01\/cropped-cropped-imagen-general-portada-2-prueba-952x534.jpg\" data-srcset=\"https:\/\/arquitectura.udd.cl\/cic\/files\/2023\/01\/cropped-cropped-imagen-general-portada-2-prueba-952x534.jpg 952w, https:\/\/arquitectura.udd.cl\/cic\/files\/2023\/01\/cropped-cropped-imagen-general-portada-2-prueba-1366x768.jpg 1366w, https:\/\/arquitectura.udd.cl\/cic\/files\/2023\/01\/cropped-cropped-imagen-general-portada-2-prueba-680x382.jpg 680w\" \/>\t\t\t\t\t\t\t\t\t\t\t\t\t<div class=\"banner__content\">\n\t\t\t\t\t\t\t\t<span class=\"banner__title\">AN\u00c1LISIS DE TRANSPORTE Y MOVILIDAD<\/span>\n\t\t\t\t\t\t\t\t\t\t\t\t\t\t\t\t\t<span class=\"banner__description\">An\u00e1lisis para el dise\u00f1o del modelo institucional de la autoridad metropolitana de transportes y movilidad de la Regi\u00f3n Metropolitana de Santiago.<\/span>\n\t\t\t\t\t\t\t\t\t\t\t\t\t\t\t\t\t\t\t\t\t\t\t<\/div>\n\t\t\t\t\t\t<\/a>\n\t\t\t\t\t<\/div>\n\t\t\t\t\t\t\t\t<\/div>\n\t\t\t<\/div>\n\t\t<\/div>\n\t<\/div>\n<\/section>\n\n\n<!-- WP Block: UDD - Banners Multiple -->\n<section class=\"wp-block-udd-banners-multiple \">\n\t<div class=\"container\">\n\t\t\t\t<div class=\"block__content\">\n\t\t\t<div id=\"udd-banners-multiple--2\"\n\t\t\t\t\t\t\t\t>\n\t\t\t\t\t\t\t\t<div class=\"banners\">\n\t\t\t\t\t\t\t\t\t<div class=\"banner-col\n\t\t\t\t\t active\t\t\t\t\t\">\n\t\t\t\t\t\t<a href=\"https:\/\/arquitectura.udd.cl\/cic\/construyendo-gobernanza-metropolitana-el-caso-de-chile\/\" class=\"banner banner--multiple\" data-url=\"https:\/\/arquitectura.udd.cl\/cic\/construyendo-gobernanza-metropolitana-el-caso-de-chile\/\">\n\t\t\t\t\t\t\t\t\t\t\t\t\t<img loading=\"lazy\" decoding=\"async\" width=\"952\" height=\"534\" src=\"https:\/\/arquitectura.udd.cl\/cic\/files\/2023\/03\/construyendo_gobernanza_metropolitana_el_caso_de_chile-_es-278-e1678750773386-680x382.png\" class=\"banner__image lazyload\" alt=\"\" sizes=\"auto, (max-width: 952px) 100vw, 952px\" data-src=\"https:\/\/arquitectura.udd.cl\/cic\/files\/2023\/03\/construyendo_gobernanza_metropolitana_el_caso_de_chile-_es-278-e1678750773386-952x534.png\" data-srcset=\"https:\/\/arquitectura.udd.cl\/cic\/files\/2023\/03\/construyendo_gobernanza_metropolitana_el_caso_de_chile-_es-278-e1678750773386-952x534.png 952w, https:\/\/arquitectura.udd.cl\/cic\/files\/2023\/03\/construyendo_gobernanza_metropolitana_el_caso_de_chile-_es-278-e1678750773386-1366x768.png 1366w, https:\/\/arquitectura.udd.cl\/cic\/files\/2023\/03\/construyendo_gobernanza_metropolitana_el_caso_de_chile-_es-278-e1678750773386-680x382.png 680w\" \/>\t\t\t\t\t\t\t\t\t\t\t\t\t<div class=\"banner__content\">\n\t\t\t\t\t\t\t\t<span class=\"banner__title\">LIBRO | Construyendo Gobernanza Metropolitana: El caso de Chile<\/span>\n\t\t\t\t\t\t\t\t\t\t\t\t\t\t\t\t\t<span class=\"banner__description\">Descarga el libro<\/span>\n\t\t\t\t\t\t\t\t\t\t\t\t\t\t\t\t\t\t\t\t\t\t\t<\/div>\n\t\t\t\t\t\t<\/a>\n\t\t\t\t\t<\/div>\n\t\t\t\t\t\t\t\t<\/div>\n\t\t\t<\/div>\n\t\t<\/div>\n\t<\/div>\n<\/section>\n\n\n\n<p><\/p>\n","protected":false},"excerpt":{"rendered":"","protected":false},"author":9192204,"featured_media":0,"parent":0,"menu_order":0,"comment_status":"closed","ping_status":"closed","template":"","meta":{"footnotes":""},"class_list":["post-1121","page","type-page","status-publish","hentry"],"yoast_head":"<!-- This site is optimized with the Yoast SEO plugin v26.9 - https:\/\/yoast.com\/product\/yoast-seo-wordpress\/ -->\n<title>Gobernanza - Centro de Innovaci\u00f3n en Ciudades UDD<\/title>\n<meta name=\"robots\" content=\"index, follow, max-snippet:-1, max-image-preview:large, max-video-preview:-1\" \/>\n<link rel=\"canonical\" href=\"https:\/\/arquitectura.udd.cl\/cic\/gobernanza\/\" \/>\n<meta property=\"og:locale\" content=\"es_ES\" \/>\n<meta property=\"og:type\" content=\"article\" \/>\n<meta property=\"og:title\" content=\"Gobernanza - Centro de Innovaci\u00f3n en Ciudades UDD\" \/>\n<meta property=\"og:url\" content=\"https:\/\/arquitectura.udd.cl\/cic\/gobernanza\/\" \/>\n<meta property=\"og:site_name\" content=\"Centro de Innovaci\u00f3n en Ciudades UDD\" \/>\n<meta property=\"article:modified_time\" content=\"2024-08-28T02:23:27+00:00\" \/>\n<meta name=\"twitter:card\" content=\"summary_large_image\" \/>\n<script type=\"application\/ld+json\" class=\"yoast-schema-graph\">{\"@context\":\"https:\/\/schema.org\",\"@graph\":[{\"@type\":\"WebPage\",\"@id\":\"https:\/\/arquitectura.udd.cl\/cic\/gobernanza\/\",\"url\":\"https:\/\/arquitectura.udd.cl\/cic\/gobernanza\/\",\"name\":\"Gobernanza - Centro de Innovaci\u00f3n en Ciudades UDD\",\"isPartOf\":{\"@id\":\"https:\/\/arquitectura.udd.cl\/cic\/#website\"},\"datePublished\":\"2023-03-13T18:07:50+00:00\",\"dateModified\":\"2024-08-28T02:23:27+00:00\",\"breadcrumb\":{\"@id\":\"https:\/\/arquitectura.udd.cl\/cic\/gobernanza\/#breadcrumb\"},\"inLanguage\":\"es\",\"potentialAction\":[{\"@type\":\"ReadAction\",\"target\":[\"https:\/\/arquitectura.udd.cl\/cic\/gobernanza\/\"]}]},{\"@type\":\"BreadcrumbList\",\"@id\":\"https:\/\/arquitectura.udd.cl\/cic\/gobernanza\/#breadcrumb\",\"itemListElement\":[{\"@type\":\"ListItem\",\"position\":1,\"name\":\"Portada\",\"item\":\"https:\/\/arquitectura.udd.cl\/cic\/\"},{\"@type\":\"ListItem\",\"position\":2,\"name\":\"Gobernanza\"}]},{\"@type\":\"WebSite\",\"@id\":\"https:\/\/arquitectura.udd.cl\/cic\/#website\",\"url\":\"https:\/\/arquitectura.udd.cl\/cic\/\",\"name\":\"Centro de Innovaci\u00f3n en Ciudades UDD\",\"description\":\"\",\"inLanguage\":\"es\"}]}<\/script>\n<!-- \/ Yoast SEO plugin. -->","yoast_head_json":{"title":"Gobernanza - Centro de Innovaci\u00f3n en Ciudades UDD","robots":{"index":"index","follow":"follow","max-snippet":"max-snippet:-1","max-image-preview":"max-image-preview:large","max-video-preview":"max-video-preview:-1"},"canonical":"https:\/\/arquitectura.udd.cl\/cic\/gobernanza\/","og_locale":"es_ES","og_type":"article","og_title":"Gobernanza - Centro de Innovaci\u00f3n en Ciudades UDD","og_url":"https:\/\/arquitectura.udd.cl\/cic\/gobernanza\/","og_site_name":"Centro de Innovaci\u00f3n en Ciudades UDD","article_modified_time":"2024-08-28T02:23:27+00:00","twitter_card":"summary_large_image","schema":{"@context":"https:\/\/schema.org","@graph":[{"@type":"WebPage","@id":"https:\/\/arquitectura.udd.cl\/cic\/gobernanza\/","url":"https:\/\/arquitectura.udd.cl\/cic\/gobernanza\/","name":"Gobernanza - Centro de Innovaci\u00f3n en Ciudades UDD","isPartOf":{"@id":"https:\/\/arquitectura.udd.cl\/cic\/#website"},"datePublished":"2023-03-13T18:07:50+00:00","dateModified":"2024-08-28T02:23:27+00:00","breadcrumb":{"@id":"https:\/\/arquitectura.udd.cl\/cic\/gobernanza\/#breadcrumb"},"inLanguage":"es","potentialAction":[{"@type":"ReadAction","target":["https:\/\/arquitectura.udd.cl\/cic\/gobernanza\/"]}]},{"@type":"BreadcrumbList","@id":"https:\/\/arquitectura.udd.cl\/cic\/gobernanza\/#breadcrumb","itemListElement":[{"@type":"ListItem","position":1,"name":"Portada","item":"https:\/\/arquitectura.udd.cl\/cic\/"},{"@type":"ListItem","position":2,"name":"Gobernanza"}]},{"@type":"WebSite","@id":"https:\/\/arquitectura.udd.cl\/cic\/#website","url":"https:\/\/arquitectura.udd.cl\/cic\/","name":"Centro de Innovaci\u00f3n en Ciudades UDD","description":"","inLanguage":"es"}]}},"_links":{"self":[{"href":"https:\/\/arquitectura.udd.cl\/cic\/wp-json\/wp\/v2\/pages\/1121","targetHints":{"allow":["GET"]}}],"collection":[{"href":"https:\/\/arquitectura.udd.cl\/cic\/wp-json\/wp\/v2\/pages"}],"about":[{"href":"https:\/\/arquitectura.udd.cl\/cic\/wp-json\/wp\/v2\/types\/page"}],"author":[{"embeddable":true,"href":"https:\/\/arquitectura.udd.cl\/cic\/wp-json\/wp\/v2\/users\/9192204"}],"replies":[{"embeddable":true,"href":"https:\/\/arquitectura.udd.cl\/cic\/wp-json\/wp\/v2\/comments?post=1121"}],"version-history":[{"count":13,"href":"https:\/\/arquitectura.udd.cl\/cic\/wp-json\/wp\/v2\/pages\/1121\/revisions"}],"predecessor-version":[{"id":1579,"href":"https:\/\/arquitectura.udd.cl\/cic\/wp-json\/wp\/v2\/pages\/1121\/revisions\/1579"}],"wp:attachment":[{"href":"https:\/\/arquitectura.udd.cl\/cic\/wp-json\/wp\/v2\/media?parent=1121"}],"curies":[{"name":"wp","href":"https:\/\/api.w.org\/{rel}","templated":true}]}}