{"id":1103,"date":"2023-03-13T18:25:04","date_gmt":"2023-03-13T17:25:04","guid":{"rendered":"https:\/\/arquitectura.udd.cl\/cic\/?page_id=1103"},"modified":"2023-03-15T16:33:20","modified_gmt":"2023-03-15T15:33:20","slug":"planificacion-territorial-e-incendios","status":"publish","type":"page","link":"https:\/\/arquitectura.udd.cl\/cic\/planificacion-territorial-e-incendios\/","title":{"rendered":"Planificaci\u00f3n territorial e incendios"},"content":{"rendered":"<!-- WP Block: UDD - Banners Multiple -->\n<section class=\"wp-block-udd-banners-multiple \">\n\t<div class=\"container\">\n\t\t\t\t<div class=\"block__content\">\n\t\t\t<div id=\"udd-banners-multiple--1\"\n\t\t\t\t\t\t\t\t>\n\t\t\t\t\t\t\t\t<div class=\"banners\">\n\t\t\t\t\t\t\t\t\t<div class=\"banner-col\n\t\t\t\t\t active\t\t\t\t\t\">\n\t\t\t\t\t\t<a href=\"https:\/\/wildfirex.cl\/\" class=\"banner banner--multiple\" data-url=\"https:\/\/wildfirex.cl\/\">\n\t\t\t\t\t\t\t\t\t\t\t\t\t<img loading=\"lazy\" decoding=\"async\" width=\"952\" height=\"534\" src=\"https:\/\/arquitectura.udd.cl\/cic\/files\/2022\/12\/pexels-big-dee-4837971-1536x1024-1-680x382.jpg\" class=\"banner__image lazyload\" alt=\"\" sizes=\"auto, (max-width: 952px) 100vw, 952px\" data-src=\"https:\/\/arquitectura.udd.cl\/cic\/files\/2022\/12\/pexels-big-dee-4837971-1536x1024-1-952x534.jpg\" data-srcset=\"https:\/\/arquitectura.udd.cl\/cic\/files\/2022\/12\/pexels-big-dee-4837971-1536x1024-1-952x534.jpg 952w, https:\/\/arquitectura.udd.cl\/cic\/files\/2022\/12\/pexels-big-dee-4837971-1536x1024-1-1366x768.jpg 1366w, https:\/\/arquitectura.udd.cl\/cic\/files\/2022\/12\/pexels-big-dee-4837971-1536x1024-1-680x382.jpg 680w\" \/>\t\t\t\t\t\t\t\t\t\t\t\t\t<div class=\"banner__content\">\n\t\t\t\t\t\t\t\t<span class=\"banner__title\">WILDFIREX<\/span>\n\t\t\t\t\t\t\t\t\t\t\t\t\t\t\t\t\t<span class=\"banner__description\">El proyecto Wildfire Exchange entrega una plataforma online para el desarrollo e intercambio de conocimientos sobre reducci\u00f3n de incendios en el medio construido entre Chile y Australia. Los incendios forestales pueden causar p\u00e9rdidas devastadoras, y a largo plazo impactos a nivel social, econ\u00f3mico y ambiental. El acceso a informaci\u00f3n y recursos colaborativos es fundamental para la reducci\u00f3n de riesgos. Asimismo, la informaci\u00f3n permite una base para la acci\u00f3n informada que apoya al desarrollo sustentable y la resiliencia.\u00a0<\/span>\n\t\t\t\t\t\t\t\t\t\t\t\t\t\t\t\t\t\t\t\t\t\t\t\t\t<span class=\"banner__action\">Conoce m\u00e1s del proyecto<\/span>\n\t\t\t\t\t\t\t\t\t\t\t\t\t\t\t<\/div>\n\t\t\t\t\t\t<\/a>\n\t\t\t\t\t<\/div>\n\t\t\t\t\t\t\t\t\t<div class=\"banner-col\n\t\t\t\t\t\t\t\t\t\t\">\n\t\t\t\t\t\t<a href=\"\" class=\"banner banner--multiple\" data-url=\"\">\n\t\t\t\t\t\t\t\t\t\t\t\t\t<img loading=\"lazy\" decoding=\"async\" width=\"952\" height=\"534\" src=\"https:\/\/arquitectura.udd.cl\/cic\/files\/2023\/01\/opt00122-680x382.jpg\" class=\"banner__image lazyload\" alt=\"\" sizes=\"auto, (max-width: 952px) 100vw, 952px\" data-src=\"https:\/\/arquitectura.udd.cl\/cic\/files\/2023\/01\/opt00122-952x534.jpg\" data-srcset=\"https:\/\/arquitectura.udd.cl\/cic\/files\/2023\/01\/opt00122-952x534.jpg 952w, https:\/\/arquitectura.udd.cl\/cic\/files\/2023\/01\/opt00122-1366x768.jpg 1366w, https:\/\/arquitectura.udd.cl\/cic\/files\/2023\/01\/opt00122-680x382.jpg 680w\" \/>\t\t\t\t\t\t\t\t\t\t\t\t\t<div class=\"banner__content\">\n\t\t\t\t\t\t\t\t<span class=\"banner__title\">Proyecto FONDECYT<\/span>\n\t\t\t\t\t\t\t\t\t\t\t\t\t\t\t\t\t<span class=\"banner__description\">2023 &#8211; 2024 (en desarrollo)<\/span>\n\t\t\t\t\t\t\t\t\t\t\t\t\t\t\t\t\t\t\t\t\t\t\t<\/div>\n\t\t\t\t\t\t<\/a>\n\t\t\t\t\t<\/div>\n\t\t\t\t\t\t\t\t<\/div>\n\t\t\t<\/div>\n\t\t<\/div>\n\t<\/div>\n<\/section>\n","protected":false},"excerpt":{"rendered":"","protected":false},"author":9192204,"featured_media":0,"parent":0,"menu_order":0,"comment_status":"closed","ping_status":"closed","template":"","meta":{"footnotes":""},"class_list":["post-1103","page","type-page","status-publish","hentry"],"yoast_head":"<!-- This site is optimized with the Yoast SEO plugin v26.9 - https:\/\/yoast.com\/product\/yoast-seo-wordpress\/ -->\n<title>Planificaci\u00f3n territorial e incendios - Centro de Innovaci\u00f3n en Ciudades UDD<\/title>\n<meta name=\"robots\" content=\"index, follow, max-snippet:-1, max-image-preview:large, max-video-preview:-1\" \/>\n<link rel=\"canonical\" href=\"https:\/\/arquitectura.udd.cl\/cic\/planificacion-territorial-e-incendios\/\" \/>\n<meta property=\"og:locale\" content=\"es_ES\" \/>\n<meta property=\"og:type\" content=\"article\" \/>\n<meta property=\"og:title\" content=\"Planificaci\u00f3n territorial e incendios - Centro de Innovaci\u00f3n en Ciudades UDD\" \/>\n<meta property=\"og:url\" content=\"https:\/\/arquitectura.udd.cl\/cic\/planificacion-territorial-e-incendios\/\" \/>\n<meta property=\"og:site_name\" content=\"Centro de Innovaci\u00f3n en Ciudades UDD\" \/>\n<meta property=\"article:modified_time\" content=\"2023-03-15T15:33:20+00:00\" \/>\n<meta name=\"twitter:card\" content=\"summary_large_image\" \/>\n<script type=\"application\/ld+json\" class=\"yoast-schema-graph\">{\"@context\":\"https:\/\/schema.org\",\"@graph\":[{\"@type\":\"WebPage\",\"@id\":\"https:\/\/arquitectura.udd.cl\/cic\/planificacion-territorial-e-incendios\/\",\"url\":\"https:\/\/arquitectura.udd.cl\/cic\/planificacion-territorial-e-incendios\/\",\"name\":\"Planificaci\u00f3n territorial e incendios - Centro de Innovaci\u00f3n en Ciudades UDD\",\"isPartOf\":{\"@id\":\"https:\/\/arquitectura.udd.cl\/cic\/#website\"},\"datePublished\":\"2023-03-13T17:25:04+00:00\",\"dateModified\":\"2023-03-15T15:33:20+00:00\",\"breadcrumb\":{\"@id\":\"https:\/\/arquitectura.udd.cl\/cic\/planificacion-territorial-e-incendios\/#breadcrumb\"},\"inLanguage\":\"es\",\"potentialAction\":[{\"@type\":\"ReadAction\",\"target\":[\"https:\/\/arquitectura.udd.cl\/cic\/planificacion-territorial-e-incendios\/\"]}]},{\"@type\":\"BreadcrumbList\",\"@id\":\"https:\/\/arquitectura.udd.cl\/cic\/planificacion-territorial-e-incendios\/#breadcrumb\",\"itemListElement\":[{\"@type\":\"ListItem\",\"position\":1,\"name\":\"Portada\",\"item\":\"https:\/\/arquitectura.udd.cl\/cic\/\"},{\"@type\":\"ListItem\",\"position\":2,\"name\":\"Planificaci\u00f3n territorial e incendios\"}]},{\"@type\":\"WebSite\",\"@id\":\"https:\/\/arquitectura.udd.cl\/cic\/#website\",\"url\":\"https:\/\/arquitectura.udd.cl\/cic\/\",\"name\":\"Centro de Innovaci\u00f3n en Ciudades UDD\",\"description\":\"\",\"inLanguage\":\"es\"}]}<\/script>\n<!-- \/ Yoast SEO plugin. -->","yoast_head_json":{"title":"Planificaci\u00f3n territorial e incendios - Centro de Innovaci\u00f3n en Ciudades UDD","robots":{"index":"index","follow":"follow","max-snippet":"max-snippet:-1","max-image-preview":"max-image-preview:large","max-video-preview":"max-video-preview:-1"},"canonical":"https:\/\/arquitectura.udd.cl\/cic\/planificacion-territorial-e-incendios\/","og_locale":"es_ES","og_type":"article","og_title":"Planificaci\u00f3n territorial e incendios - Centro de Innovaci\u00f3n en Ciudades UDD","og_url":"https:\/\/arquitectura.udd.cl\/cic\/planificacion-territorial-e-incendios\/","og_site_name":"Centro de Innovaci\u00f3n en Ciudades UDD","article_modified_time":"2023-03-15T15:33:20+00:00","twitter_card":"summary_large_image","schema":{"@context":"https:\/\/schema.org","@graph":[{"@type":"WebPage","@id":"https:\/\/arquitectura.udd.cl\/cic\/planificacion-territorial-e-incendios\/","url":"https:\/\/arquitectura.udd.cl\/cic\/planificacion-territorial-e-incendios\/","name":"Planificaci\u00f3n territorial e incendios - Centro de Innovaci\u00f3n en Ciudades UDD","isPartOf":{"@id":"https:\/\/arquitectura.udd.cl\/cic\/#website"},"datePublished":"2023-03-13T17:25:04+00:00","dateModified":"2023-03-15T15:33:20+00:00","breadcrumb":{"@id":"https:\/\/arquitectura.udd.cl\/cic\/planificacion-territorial-e-incendios\/#breadcrumb"},"inLanguage":"es","potentialAction":[{"@type":"ReadAction","target":["https:\/\/arquitectura.udd.cl\/cic\/planificacion-territorial-e-incendios\/"]}]},{"@type":"BreadcrumbList","@id":"https:\/\/arquitectura.udd.cl\/cic\/planificacion-territorial-e-incendios\/#breadcrumb","itemListElement":[{"@type":"ListItem","position":1,"name":"Portada","item":"https:\/\/arquitectura.udd.cl\/cic\/"},{"@type":"ListItem","position":2,"name":"Planificaci\u00f3n territorial e incendios"}]},{"@type":"WebSite","@id":"https:\/\/arquitectura.udd.cl\/cic\/#website","url":"https:\/\/arquitectura.udd.cl\/cic\/","name":"Centro de Innovaci\u00f3n en Ciudades UDD","description":"","inLanguage":"es"}]}},"_links":{"self":[{"href":"https:\/\/arquitectura.udd.cl\/cic\/wp-json\/wp\/v2\/pages\/1103","targetHints":{"allow":["GET"]}}],"collection":[{"href":"https:\/\/arquitectura.udd.cl\/cic\/wp-json\/wp\/v2\/pages"}],"about":[{"href":"https:\/\/arquitectura.udd.cl\/cic\/wp-json\/wp\/v2\/types\/page"}],"author":[{"embeddable":true,"href":"https:\/\/arquitectura.udd.cl\/cic\/wp-json\/wp\/v2\/users\/9192204"}],"replies":[{"embeddable":true,"href":"https:\/\/arquitectura.udd.cl\/cic\/wp-json\/wp\/v2\/comments?post=1103"}],"version-history":[{"count":5,"href":"https:\/\/arquitectura.udd.cl\/cic\/wp-json\/wp\/v2\/pages\/1103\/revisions"}],"predecessor-version":[{"id":1326,"href":"https:\/\/arquitectura.udd.cl\/cic\/wp-json\/wp\/v2\/pages\/1103\/revisions\/1326"}],"wp:attachment":[{"href":"https:\/\/arquitectura.udd.cl\/cic\/wp-json\/wp\/v2\/media?parent=1103"}],"curies":[{"name":"wp","href":"https:\/\/api.w.org\/{rel}","templated":true}]}}