{"id":50,"date":"2013-09-10T00:02:43","date_gmt":"2013-09-10T00:02:43","guid":{"rendered":"http:\/\/arquitectura.udd.cl\/artcco\/?page_id=50"},"modified":"2013-10-29T21:50:29","modified_gmt":"2013-10-29T21:50:29","slug":"catalogos","status":"publish","type":"page","link":"https:\/\/arquitectura.udd.cl\/artcco\/proyectos\/catalogos\/","title":{"rendered":"Cat\u00e1logos"},"content":{"rendered":"<h3>Cat\u00e1logo \u00abEnsayo General\u00bb GALER\u00cdA ARTESPACIO \u00a0| ArtCCO UDD<\/h3>\n<p>&nbsp;<\/p>\n<div class=\"issuuembed\" style=\"width: 700px; height: 526px;\" data-configid=\"6230784\/5350419\"><\/div>\n<p>&nbsp;<\/p>\n<p>&nbsp;<\/p>\n<p style=\"text-align: justify;\">11 ex alumnos de la Escuela de Arte de la Universidad del Desarrollo realizan por primera vez una exposici\u00f3n colectiva en la galer\u00eda Artespacio (Alonso de C\u00f3rdova 2600, Vitacura). La muestra se llama ENSAYO GENERAL y ha sido curada por el artista y docente de ArtCCO UDD, Cristi\u00e1n Salineros. Se re\u00fanen en ella una serie de obras en diversos formatos y lenguajes representativos de las materialidades y tecnolog\u00edas de las artes visuales contempor\u00e1neas. Abarcando distintos medios y soportes en los que las diversas reflexiones visuales toman forma y se apropian del espacio de exhibici\u00f3n. Los trabajos se realizan en formatos diversos, como la pintura, fotograf\u00eda, escultura e instalaci\u00f3n.<\/p>\n<p style=\"text-align: justify;\">Los j\u00f3venes artistas Ex alumnos de ArtCCO UDD son:<\/p>\n<p style=\"text-align: justify;\">Daniela Claro,\u00a0Florencia Calvo,\u00a0Araceli Mu\u00f1oz,\u00a0Tom\u00e1s Mart\u00ednez,\u00a0Florencia Serrano,\u00a0Josefina Cort\u00e9s,\u00a0Josefina Melo,\u00a0Constanza Mena,\u00a0Andr\u00e9s Vial,\u00a0Ulises Soto,\u00a0Loreto Rocco.<\/p>\n<p style=\"text-align: center;\"><a href=\"http:\/\/arquitectura.udd.cl\/artcco\/files\/2013\/08\/Logo-web-transparente.png\"><img loading=\"lazy\" decoding=\"async\" class=\"aligncenter  wp-image-134\" alt=\"ArtCCO, Arte y Cultura Contempor\u00e1nea de la UDD, LOGO\" src=\"http:\/\/arquitectura.udd.cl\/artcco\/files\/2013\/08\/Logo-web-transparente-300x191.png\" width=\"180\" height=\"115\" srcset=\"https:\/\/arquitectura.udd.cl\/artcco\/files\/2013\/08\/Logo-web-transparente-300x191.png 300w, https:\/\/arquitectura.udd.cl\/artcco\/files\/2013\/08\/Logo-web-transparente-125x80.png 125w, https:\/\/arquitectura.udd.cl\/artcco\/files\/2013\/08\/Logo-web-transparente-340x220.png 340w, https:\/\/arquitectura.udd.cl\/artcco\/files\/2013\/08\/Logo-web-transparente.png 854w\" sizes=\"auto, (max-width: 180px) 100vw, 180px\" \/><\/a><\/p>\n<h5 style=\"text-align: center;\">ARTCCO ARTE Y CULTURA CONTEMPOR\u00c1NEA UDD<\/h5>\n<p>&nbsp;<\/p>\n<p>&nbsp;<\/p>\n","protected":false},"excerpt":{"rendered":"<p>EX ALUMNOS DE  ARTCCO, EXPONEN EN GALER\u00cdA ARTESPACIO<\/p>\n","protected":false},"author":9192207,"featured_media":0,"parent":2,"menu_order":0,"comment_status":"open","ping_status":"open","template":"template-wide-content.php","meta":{"footnotes":""},"class_list":["post-50","page","type-page","status-publish","hentry"],"_links":{"self":[{"href":"https:\/\/arquitectura.udd.cl\/artcco\/wp-json\/wp\/v2\/pages\/50","targetHints":{"allow":["GET"]}}],"collection":[{"href":"https:\/\/arquitectura.udd.cl\/artcco\/wp-json\/wp\/v2\/pages"}],"about":[{"href":"https:\/\/arquitectura.udd.cl\/artcco\/wp-json\/wp\/v2\/types\/page"}],"author":[{"embeddable":true,"href":"https:\/\/arquitectura.udd.cl\/artcco\/wp-json\/wp\/v2\/users\/9192207"}],"replies":[{"embeddable":true,"href":"https:\/\/arquitectura.udd.cl\/artcco\/wp-json\/wp\/v2\/comments?post=50"}],"version-history":[{"count":13,"href":"https:\/\/arquitectura.udd.cl\/artcco\/wp-json\/wp\/v2\/pages\/50\/revisions"}],"predecessor-version":[{"id":285,"href":"https:\/\/arquitectura.udd.cl\/artcco\/wp-json\/wp\/v2\/pages\/50\/revisions\/285"}],"up":[{"embeddable":true,"href":"https:\/\/arquitectura.udd.cl\/artcco\/wp-json\/wp\/v2\/pages\/2"}],"wp:attachment":[{"href":"https:\/\/arquitectura.udd.cl\/artcco\/wp-json\/wp\/v2\/media?parent=50"}],"curies":[{"name":"wp","href":"https:\/\/api.w.org\/{rel}","templated":true}]}}