{"id":34,"date":"2013-09-09T23:36:28","date_gmt":"2013-09-09T23:36:28","guid":{"rendered":"http:\/\/arquitectura.udd.cl\/artcco\/?page_id=34"},"modified":"2013-09-10T02:00:46","modified_gmt":"2013-09-10T02:00:46","slug":"programas-formacion-artcco","status":"publish","type":"page","link":"https:\/\/arquitectura.udd.cl\/artcco\/programas-formacion-artcco\/","title":{"rendered":"Programas de Formaci\u00f3n"},"content":{"rendered":"<p><strong>Programas de Formaci\u00f3n\u00a0ArtCCO<\/strong>,\u00a0la escuela de Arte y Cultura Contempor\u00e1nea, te invita a conocer sus programas de educaci\u00f3n cont\u00ednua, entre los que podr\u00e1s encontrar Diplomados, Postgrados, Workshop, Seminarios, adem\u00e1s de la Licenciatura en Arte y Cultura Contempor\u00e1nea.<\/p>\n<p>Conoce los\u00a0<strong>Programas de Formaci\u00f3n\u00a0ArtCCO:<\/strong><\/p>\n<h3>Licenciatura en Arte y Cultura Contempor\u00e1nea\u00a0<a href=\"http:\/\/arquitectura.udd.cl\/arte\/\">http:\/\/arquitectura.udd.cl\/arte\/<\/a><\/h3>\n<h3>Diplomado en Estudios Cr\u00edticos y Curatoriales\u00a0<a href=\"http:\/\/arquitectura.udd.cl\/arte\/programas-de-formacion-2\/diplomado-en-estudios-criticos-y-curatoriales\/\">http:\/\/arquitectura.udd.cl\/arte\/programas-de-formacion-2\/diplomado-en-estudios-criticos-y-curatoriales\/<\/a><\/h3>\n<h3>Diplomado en Arte Actual para Profesores de Ense\u00f1anza Media\u00a0<a href=\"http:\/\/arquitectura.udd.cl\/ver-diplomado\/diplomado-en-arte-actual-para-profesores-de-ensenanza-media-i\/\">http:\/\/arquitectura.udd.cl\/ver-diplomado\/diplomado-en-arte-actual-para-profesores-de-ensenanza-media-i\/<\/a><\/h3>\n<h3>Diplomado en Estudios Curatoriales\u00a0<a href=\"http:\/\/arquitectura.udd.cl\/ver-diplomado\/diplomado-en-estudios-curatoriales-i\/\">http:\/\/arquitectura.udd.cl\/ver-diplomado\/diplomado-en-estudios-curatoriales-i\/<\/a><\/h3>\n<h3>MAT | Mag\u00edster en Arte Terapia\u00a0<a href=\"http:\/\/psicologia.wbeta.udd.cl\/postgrado\/mat\/\">http:\/\/psicologia.wbeta.udd.cl\/postgrado\/mat\/<\/a><\/h3>\n<p>&nbsp;<\/p>\n<p style=\"text-align: center;\"><a href=\"http:\/\/arquitectura.udd.cl\/artcco\/files\/2013\/09\/artcco-2.jpg\"><img loading=\"lazy\" decoding=\"async\" class=\"aligncenter  wp-image-91\" alt=\"Programas de Formaci\u00f3n ArtCCO, Arte y Cultura Contempor\u00e1nea de la UDD, LOGO\" src=\"http:\/\/arquitectura.udd.cl\/artcco\/files\/2013\/09\/artcco-2-300x200.jpg\" width=\"180\" height=\"120\" srcset=\"https:\/\/arquitectura.udd.cl\/artcco\/files\/2013\/09\/artcco-2-300x200.jpg 300w, https:\/\/arquitectura.udd.cl\/artcco\/files\/2013\/09\/artcco-2-1024x682.jpg 1024w, https:\/\/arquitectura.udd.cl\/artcco\/files\/2013\/09\/artcco-2-960x640.jpg 960w, https:\/\/arquitectura.udd.cl\/artcco\/files\/2013\/09\/artcco-2.jpg 1200w\" sizes=\"auto, (max-width: 180px) 100vw, 180px\" \/><\/a><\/p>\n<p style=\"text-align: center;\"><strong>Programas de Formaci\u00f3n\u00a0ArtCCO UDD<\/strong><\/p>\n<p>&nbsp;<\/p>\n<p>&nbsp;<\/p>\n<p>&nbsp;<\/p>\n<p>&nbsp;<\/p>\n<p>&nbsp;<\/p>\n<p>&nbsp;<\/p>\n","protected":false},"excerpt":{"rendered":"<p>ArtCCO, la escuela de Arte y Cultura Contempor\u00e1nea, te invita a conocer sus Programas de Formaci\u00f3n ArtCCO UDD: Diplomados, Postgrados, Cursos, Workshop, Talleres.<\/p>\n","protected":false},"author":9192207,"featured_media":96,"parent":0,"menu_order":0,"comment_status":"open","ping_status":"open","template":"template-indice.php","meta":{"footnotes":""},"class_list":["post-34","page","type-page","status-publish","has-post-thumbnail","hentry"],"_links":{"self":[{"href":"https:\/\/arquitectura.udd.cl\/artcco\/wp-json\/wp\/v2\/pages\/34","targetHints":{"allow":["GET"]}}],"collection":[{"href":"https:\/\/arquitectura.udd.cl\/artcco\/wp-json\/wp\/v2\/pages"}],"about":[{"href":"https:\/\/arquitectura.udd.cl\/artcco\/wp-json\/wp\/v2\/types\/page"}],"author":[{"embeddable":true,"href":"https:\/\/arquitectura.udd.cl\/artcco\/wp-json\/wp\/v2\/users\/9192207"}],"replies":[{"embeddable":true,"href":"https:\/\/arquitectura.udd.cl\/artcco\/wp-json\/wp\/v2\/comments?post=34"}],"version-history":[{"count":19,"href":"https:\/\/arquitectura.udd.cl\/artcco\/wp-json\/wp\/v2\/pages\/34\/revisions"}],"predecessor-version":[{"id":112,"href":"https:\/\/arquitectura.udd.cl\/artcco\/wp-json\/wp\/v2\/pages\/34\/revisions\/112"}],"wp:featuredmedia":[{"embeddable":true,"href":"https:\/\/arquitectura.udd.cl\/artcco\/wp-json\/wp\/v2\/media\/96"}],"wp:attachment":[{"href":"https:\/\/arquitectura.udd.cl\/artcco\/wp-json\/wp\/v2\/media?parent=34"}],"curies":[{"name":"wp","href":"https:\/\/api.w.org\/{rel}","templated":true}]}}